{"id":30,"date":"2023-05-24T13:16:56","date_gmt":"2023-05-24T11:16:56","guid":{"rendered":"https:\/\/cowork.uniag.sk\/kurz\/?page_id=30"},"modified":"2023-05-27T17:05:44","modified_gmt":"2023-05-27T15:05:44","slug":"informacie","status":"publish","type":"page","link":"https:\/\/cowork.uniag.sk\/kurz\/informacie\/","title":{"rendered":"Inform\u00e1cie"},"content":{"rendered":"\t\t<div data-elementor-type=\"wp-page\" data-elementor-id=\"30\" class=\"elementor elementor-30\">\n\t\t\t\t\t\t\t\t\t<section class=\"elementor-section elementor-top-section elementor-element elementor-element-943c132 elementor-section-boxed elementor-section-height-default elementor-section-height-default\" data-id=\"943c132\" data-element_type=\"section\">\n\t\t\t\t\t\t<div class=\"elementor-container elementor-column-gap-default\">\n\t\t\t\t\t<div class=\"elementor-column elementor-col-100 elementor-top-column elementor-element elementor-element-1b69d27\" data-id=\"1b69d27\" data-element_type=\"column\">\n\t\t\t<div class=\"elementor-widget-wrap elementor-element-populated\">\n\t\t\t\t\t\t\t\t<div class=\"elementor-element elementor-element-ae8a831 elementor-widget elementor-widget-accordion\" data-id=\"ae8a831\" data-element_type=\"widget\" data-widget_type=\"accordion.default\">\n\t\t\t\t<div class=\"elementor-widget-container\">\n\t\t\t<style>\/*! elementor - v3.12.2 - 23-04-2023 *\/\n.elementor-accordion{text-align:left}.elementor-accordion .elementor-accordion-item{border:1px solid #d5d8dc}.elementor-accordion .elementor-accordion-item+.elementor-accordion-item{border-top:none}.elementor-accordion .elementor-tab-title{margin:0;padding:15px 20px;font-weight:700;line-height:1;cursor:pointer;outline:none}.elementor-accordion .elementor-tab-title .elementor-accordion-icon{display:inline-block;width:1.5em}.elementor-accordion .elementor-tab-title .elementor-accordion-icon svg{width:1em;height:1em}.elementor-accordion .elementor-tab-title .elementor-accordion-icon.elementor-accordion-icon-right{float:right;text-align:right}.elementor-accordion .elementor-tab-title .elementor-accordion-icon.elementor-accordion-icon-left{float:left;text-align:left}.elementor-accordion .elementor-tab-title .elementor-accordion-icon .elementor-accordion-icon-closed{display:block}.elementor-accordion .elementor-tab-title .elementor-accordion-icon .elementor-accordion-icon-opened,.elementor-accordion .elementor-tab-title.elementor-active .elementor-accordion-icon-closed{display:none}.elementor-accordion .elementor-tab-title.elementor-active .elementor-accordion-icon-opened{display:block}.elementor-accordion .elementor-tab-content{display:none;padding:15px 20px;border-top:1px solid #d5d8dc}@media (max-width:767px){.elementor-accordion .elementor-tab-title{padding:12px 15px}.elementor-accordion .elementor-tab-title .elementor-accordion-icon{width:1.2em}.elementor-accordion .elementor-tab-content{padding:7px 15px}}.e-con-inner>.elementor-widget-accordion,.e-con>.elementor-widget-accordion{width:var(--container-widget-width);--flex-grow:var(--container-widget-flex-grow)}<\/style>\t\t<div class=\"elementor-accordion\" role=\"tablist\">\n\t\t\t\t\t\t\t<div class=\"elementor-accordion-item\">\n\t\t\t\t\t<div id=\"elementor-tab-title-1831\" class=\"elementor-tab-title\" data-tab=\"1\" role=\"tab\" aria-controls=\"elementor-tab-content-1831\" aria-expanded=\"false\">\n\t\t\t\t\t\t\t\t\t\t\t\t\t<span class=\"elementor-accordion-icon elementor-accordion-icon-left\" aria-hidden=\"true\">\n\t\t\t\t\t\t\t\t\t\t\t\t\t\t\t<span class=\"elementor-accordion-icon-closed\"><i class=\"fas fa-plus\"><\/i><\/span>\n\t\t\t\t\t\t\t\t<span class=\"elementor-accordion-icon-opened\"><i class=\"fas fa-minus\"><\/i><\/span>\n\t\t\t\t\t\t\t\t\t\t\t\t\t\t<\/span>\n\t\t\t\t\t\t\t\t\t\t\t\t<a class=\"elementor-accordion-title\" href=\"\">Kurz<\/a>\n\t\t\t\t\t<\/div>\n\t\t\t\t\t<div id=\"elementor-tab-content-1831\" class=\"elementor-tab-content elementor-clearfix\" data-tab=\"1\" role=\"tabpanel\" aria-labelledby=\"elementor-tab-title-1831\"><p>Poz\u00fdvame V\u00e1s na intenz\u00edvny interdisciplin\u00e1rny vzdel\u00e1vac\u00ed kurz s\u00a0n\u00e1zvom \u201cZELEN\u00c9 Z\u00c1SAHY A\u00a0INOV\u00c1CIE\u201c, ktor\u00fd sa uskuto\u010dn\u00ed v\u00a0t\u00fd\u017edni od<\/p><div><b>05.-09. j\u00fana 2023 od 8.30 \u2013 18:00<\/b><\/div><p>v\u00a0priestoroch \u00dastavu krajinnej architekt\u00fary, FZKI SPU v Nitre na Tulip\u00e1novej 7, 949 76 Nitra. Kurz je jednou z aktiv\u00edt strat\u00e9gie \u201cRace to Zero\u201c. V\u00fdsledkom tak\u00fdchto aktiv\u00edt je zv\u00fd\u0161enie povedomia o zelen\u00fdch inov\u00e1ci\u00e1ch na univerzite, ktor\u00e9 nap\u013a\u0148aj\u00fa ciele v\u00a0r\u00e1mci hodnotenia GreenMetric. Po\u010das cel\u00e9ho t\u00fd\u017ed\u0148a sa budeme s\u00fabe\u017ene venova\u0165 \u0161tyrom nosn\u00fdm t\u00e9mam (Setting and Infrastructure, Energy and Climate Change, Water, Education), ktor\u00e9 s\u00fa s\u00fa\u010das\u0165ou tohto hodnotenia. Na tieto t\u00e9my budeme h\u013eada\u0165 experiment\u00e1lne rie\u0161enia (prototypy) v\u00a0r\u00e1mci konkr\u00e9tnych zadan\u00ed. Zadania s\u00fa v\u00a0r\u00e1mci kurzu viazan\u00e9 na modelov\u00e9 \u00fazemie are\u00e1lu Slovenskej po\u013enohospod\u00e1rskej univerzity v\u00a0Nitre so zrete\u013eom na ich replik\u00e1ciu<\/p><\/div>\n\t\t\t\t<\/div>\n\t\t\t\t\t\t\t<div class=\"elementor-accordion-item\">\n\t\t\t\t\t<div id=\"elementor-tab-title-1832\" class=\"elementor-tab-title\" data-tab=\"2\" role=\"tab\" aria-controls=\"elementor-tab-content-1832\" aria-expanded=\"false\">\n\t\t\t\t\t\t\t\t\t\t\t\t\t<span class=\"elementor-accordion-icon elementor-accordion-icon-left\" aria-hidden=\"true\">\n\t\t\t\t\t\t\t\t\t\t\t\t\t\t\t<span class=\"elementor-accordion-icon-closed\"><i class=\"fas fa-plus\"><\/i><\/span>\n\t\t\t\t\t\t\t\t<span class=\"elementor-accordion-icon-opened\"><i class=\"fas fa-minus\"><\/i><\/span>\n\t\t\t\t\t\t\t\t\t\t\t\t\t\t<\/span>\n\t\t\t\t\t\t\t\t\t\t\t\t<a class=\"elementor-accordion-title\" href=\"\">Cie\u013eov\u00e9 skupiny<\/a>\n\t\t\t\t\t<\/div>\n\t\t\t\t\t<div id=\"elementor-tab-content-1832\" class=\"elementor-tab-content elementor-clearfix\" data-tab=\"2\" role=\"tabpanel\" aria-labelledby=\"elementor-tab-title-1832\"><p>Kurz je ur\u010den\u00fd pre odborn\u00fa verejnos\u0165 a \u0161tudentov krajinnej architekt\u00fary, architekt\u00fary, urbanizmu a\u00a0dizajnu. Prihlasova\u0165 sa m\u00f4\u017eete ako t\u00edm aj ako jednotlivci.\u00a0 Odborn\u00e9 vedenie zabezpe\u010dia lektori \u00dastavu krajinnej architekt\u00fary FZKI, SPU v\u00a0Nitre, Mgr. art. So\u0148a Bell\u00e9rov\u00e1, doc. Ing. Attila T\u00f3th, PhD., Ing. Miroslav \u010cibik, PhD. a\u00a0Ing. Marek Hus, PhD. Kurzu sa z\u00fa\u010dastnia aj extern\u00ed odborn\u00ed lektori, ktor\u00fdch budeme postupne predstavova\u0165 v\u00a0udalosti. S\u00fa\u010das\u0165ou kurzu bude aj s\u00e9ria ve\u010dern\u00fdch predn\u00e1\u0161ok, ktor\u00e9 bud\u00fa spr\u00edstupnen\u00e9 aj verejnosti.<\/p><\/div>\n\t\t\t\t<\/div>\n\t\t\t\t\t\t\t<div class=\"elementor-accordion-item\">\n\t\t\t\t\t<div id=\"elementor-tab-title-1833\" class=\"elementor-tab-title\" data-tab=\"3\" role=\"tab\" aria-controls=\"elementor-tab-content-1833\" aria-expanded=\"false\">\n\t\t\t\t\t\t\t\t\t\t\t\t\t<span class=\"elementor-accordion-icon elementor-accordion-icon-left\" aria-hidden=\"true\">\n\t\t\t\t\t\t\t\t\t\t\t\t\t\t\t<span class=\"elementor-accordion-icon-closed\"><i class=\"fas fa-plus\"><\/i><\/span>\n\t\t\t\t\t\t\t\t<span class=\"elementor-accordion-icon-opened\"><i class=\"fas fa-minus\"><\/i><\/span>\n\t\t\t\t\t\t\t\t\t\t\t\t\t\t<\/span>\n\t\t\t\t\t\t\t\t\t\t\t\t<a class=\"elementor-accordion-title\" href=\"\">Zadania<\/a>\n\t\t\t\t\t<\/div>\n\t\t\t\t\t<div id=\"elementor-tab-content-1833\" class=\"elementor-tab-content elementor-clearfix\" data-tab=\"3\" role=\"tabpanel\" aria-labelledby=\"elementor-tab-title-1833\"><p>Zadania s\u00fa nasledovn\u00e9:<\/p><ul><li>Interi\u00e9rov\u00e1 a\u00a0exteri\u00e9rov\u00e1 biof\u00edlia<\/li><li>Inovat\u00edvne prototypy zelen\u00fdch kon\u0161trukci\u00ed<\/li><li>Vodoz\u00e1dr\u017en\u00e9 opatrenia<\/li><li>Revitaliz\u00e1cia uli\u010dn\u00e9ho priestoru<\/li><li>Prienik zelene exteri\u00e9r\/interi\u00e9r &#8211; \u00e1trium<\/li><\/ul><\/div>\n\t\t\t\t<\/div>\n\t\t\t\t\t\t\t<div class=\"elementor-accordion-item\">\n\t\t\t\t\t<div id=\"elementor-tab-title-1834\" class=\"elementor-tab-title\" data-tab=\"4\" role=\"tab\" aria-controls=\"elementor-tab-content-1834\" aria-expanded=\"false\">\n\t\t\t\t\t\t\t\t\t\t\t\t\t<span class=\"elementor-accordion-icon elementor-accordion-icon-left\" aria-hidden=\"true\">\n\t\t\t\t\t\t\t\t\t\t\t\t\t\t\t<span class=\"elementor-accordion-icon-closed\"><i class=\"fas fa-plus\"><\/i><\/span>\n\t\t\t\t\t\t\t\t<span class=\"elementor-accordion-icon-opened\"><i class=\"fas fa-minus\"><\/i><\/span>\n\t\t\t\t\t\t\t\t\t\t\t\t\t\t<\/span>\n\t\t\t\t\t\t\t\t\t\t\t\t<a class=\"elementor-accordion-title\" href=\"\">S\u00fa\u0165a\u017e<\/a>\n\t\t\t\t\t<\/div>\n\t\t\t\t\t<div id=\"elementor-tab-content-1834\" class=\"elementor-tab-content elementor-clearfix\" data-tab=\"4\" role=\"tabpanel\" aria-labelledby=\"elementor-tab-title-1834\"><p>Kurz bude prebieha\u0165 formou s\u00fa\u0165a\u017ee, kde spolu rozdel\u00edme finan\u010dn\u00e9 odmeny pre 10 najlep\u0161\u00edch t\u00edmov. O\u00a0porad\u00ed t\u00edmov rozhodne odborn\u00e1 porota zostaven\u00e1 z\u00a0lektorov kurzu. Ceny bud\u00fa rozdelen\u00e9 pod\u013ea nasleduj\u00faceho vzorca:<br \/><br \/>1. miesto \u2013 hlavn\u00e1 finan\u010dn\u00e1 odmena<\/p><ol start=\"2\"><li>miesto \u2013 hlavn\u00e1 finan\u010dn\u00e1 odmena<\/li><li>miesto \u2013 hlavn\u00e1 finan\u010dn\u00e1 odmena<\/li><\/ol><p>4-10. miesto \u2013 finan\u010dn\u00e9 odmeny<\/p><\/div>\n\t\t\t\t<\/div>\n\t\t\t\t\t\t\t<div class=\"elementor-accordion-item\">\n\t\t\t\t\t<div id=\"elementor-tab-title-1835\" class=\"elementor-tab-title\" data-tab=\"5\" role=\"tab\" aria-controls=\"elementor-tab-content-1835\" aria-expanded=\"false\">\n\t\t\t\t\t\t\t\t\t\t\t\t\t<span class=\"elementor-accordion-icon elementor-accordion-icon-left\" aria-hidden=\"true\">\n\t\t\t\t\t\t\t\t\t\t\t\t\t\t\t<span class=\"elementor-accordion-icon-closed\"><i class=\"fas fa-plus\"><\/i><\/span>\n\t\t\t\t\t\t\t\t<span class=\"elementor-accordion-icon-opened\"><i class=\"fas fa-minus\"><\/i><\/span>\n\t\t\t\t\t\t\t\t\t\t\t\t\t\t<\/span>\n\t\t\t\t\t\t\t\t\t\t\t\t<a class=\"elementor-accordion-title\" href=\"\">Prihlasovanie a kontakt<\/a>\n\t\t\t\t\t<\/div>\n\t\t\t\t\t<div id=\"elementor-tab-content-1835\" class=\"elementor-tab-content elementor-clearfix\" data-tab=\"5\" role=\"tabpanel\" aria-labelledby=\"elementor-tab-title-1835\"><p>Prihlasova\u0165 sa m\u00f4\u017eete u\u00a0uveden\u00fdch lektorov, alebo na emailov\u00fa adresu <a href=\"mailto:kzka.diplom@gmail.com\">kzka.diplom@gmail.com<\/a><\/p><\/div>\n\t\t\t\t<\/div>\n\t\t\t\t\t\t\t\t<\/div>\n\t\t\t\t<\/div>\n\t\t\t\t<\/div>\n\t\t\t\t<div class=\"elementor-element elementor-element-b77dc7b elementor-widget elementor-widget-text-editor\" data-id=\"b77dc7b\" data-element_type=\"widget\" data-widget_type=\"text-editor.default\">\n\t\t\t\t<div class=\"elementor-widget-container\">\n\t\t\t<style>\/*! elementor - v3.12.2 - 23-04-2023 *\/\n.elementor-widget-text-editor.elementor-drop-cap-view-stacked .elementor-drop-cap{background-color:#69727d;color:#fff}.elementor-widget-text-editor.elementor-drop-cap-view-framed .elementor-drop-cap{color:#69727d;border:3px solid;background-color:transparent}.elementor-widget-text-editor:not(.elementor-drop-cap-view-default) .elementor-drop-cap{margin-top:8px}.elementor-widget-text-editor:not(.elementor-drop-cap-view-default) .elementor-drop-cap-letter{width:1em;height:1em}.elementor-widget-text-editor .elementor-drop-cap{float:left;text-align:center;line-height:1;font-size:50px}.elementor-widget-text-editor .elementor-drop-cap-letter{display:inline-block}<\/style>\t\t\t\t<p><a href=\"https:\/\/cowork.uniag.sk\/kurz\/wp-content\/uploads\/sites\/9\/2023\/05\/zelene_zasahy_kurz-2.docx\"><u>Pln\u00e9 znenie v\u00fdzvy na stiahnutie<\/u><\/a><\/p>\t\t\t\t\t\t<\/div>\n\t\t\t\t<\/div>\n\t\t\t\t\t<\/div>\n\t\t<\/div>\n\t\t\t\t\t\t\t<\/div>\n\t\t<\/section>\n\t\t\t\t\t\t\t<\/div>\n\t\t","protected":false},"excerpt":{"rendered":"<p>Kurz Poz\u00fdvame V\u00e1s na intenz\u00edvny interdisciplin\u00e1rny vzdel\u00e1vac\u00ed kurz s\u00a0n\u00e1zvom \u201cZELEN\u00c9 Z\u00c1SAHY A\u00a0INOV\u00c1CIE\u201c, ktor\u00fd sa uskuto\u010dn\u00ed v\u00a0t\u00fd\u017edni od 05.-09. j\u00fana 2023 od 8.30 \u2013 18:00 v\u00a0priestoroch \u00dastavu krajinnej architekt\u00fary, FZKI SPU v Nitre na Tulip\u00e1novej 7, 949 76 Nitra. Kurz je jednou z aktiv\u00edt strat\u00e9gie \u201cRace to Zero\u201c. V\u00fdsledkom tak\u00fdchto aktiv\u00edt je zv\u00fd\u0161enie povedomia o zelen\u00fdch [&hellip;]<\/p>\n","protected":false},"author":4,"featured_media":0,"parent":0,"menu_order":0,"comment_status":"closed","ping_status":"closed","template":"","meta":{"_ti_tpc_template_sync":false,"_ti_tpc_template_id":""},"acf":[],"_links":{"self":[{"href":"https:\/\/cowork.uniag.sk\/kurz\/wp-json\/wp\/v2\/pages\/30"}],"collection":[{"href":"https:\/\/cowork.uniag.sk\/kurz\/wp-json\/wp\/v2\/pages"}],"about":[{"href":"https:\/\/cowork.uniag.sk\/kurz\/wp-json\/wp\/v2\/types\/page"}],"author":[{"embeddable":true,"href":"https:\/\/cowork.uniag.sk\/kurz\/wp-json\/wp\/v2\/users\/4"}],"replies":[{"embeddable":true,"href":"https:\/\/cowork.uniag.sk\/kurz\/wp-json\/wp\/v2\/comments?post=30"}],"version-history":[{"count":20,"href":"https:\/\/cowork.uniag.sk\/kurz\/wp-json\/wp\/v2\/pages\/30\/revisions"}],"predecessor-version":[{"id":85,"href":"https:\/\/cowork.uniag.sk\/kurz\/wp-json\/wp\/v2\/pages\/30\/revisions\/85"}],"wp:attachment":[{"href":"https:\/\/cowork.uniag.sk\/kurz\/wp-json\/wp\/v2\/media?parent=30"}],"curies":[{"name":"wp","href":"https:\/\/api.w.org\/{rel}","templated":true}]}}