{"id":89,"date":"2023-07-31T13:14:28","date_gmt":"2023-07-31T11:14:28","guid":{"rendered":"https:\/\/cowork.uniag.sk\/kurz\/?page_id=89"},"modified":"2023-07-31T13:19:46","modified_gmt":"2023-07-31T11:19:46","slug":"vyhodnotenie","status":"publish","type":"page","link":"https:\/\/cowork.uniag.sk\/kurz\/vyhodnotenie\/","title":{"rendered":"Vyhodnotenie"},"content":{"rendered":"\t\t<div data-elementor-type=\"wp-page\" data-elementor-id=\"89\" class=\"elementor elementor-89\">\n\t\t\t\t\t\t\t\t\t<section class=\"elementor-section elementor-top-section elementor-element elementor-element-1801852 elementor-section-boxed elementor-section-height-default elementor-section-height-default\" data-id=\"1801852\" data-element_type=\"section\">\n\t\t\t\t\t\t<div class=\"elementor-container elementor-column-gap-default\">\n\t\t\t\t\t<div class=\"elementor-column elementor-col-50 elementor-top-column elementor-element elementor-element-99ce364\" data-id=\"99ce364\" data-element_type=\"column\">\n\t\t\t<div class=\"elementor-widget-wrap elementor-element-populated\">\n\t\t\t\t\t\t\t\t<div class=\"elementor-element elementor-element-dcb8414 elementor-widget elementor-widget-image\" data-id=\"dcb8414\" data-element_type=\"widget\" data-widget_type=\"image.default\">\n\t\t\t\t<div class=\"elementor-widget-container\">\n\t\t\t<style>\/*! elementor - v3.12.2 - 23-04-2023 *\/\n.elementor-widget-image{text-align:center}.elementor-widget-image a{display:inline-block}.elementor-widget-image a img[src$=\".svg\"]{width:48px}.elementor-widget-image img{vertical-align:middle;display:inline-block}<\/style>\t\t\t\t\t\t\t\t\t\t\t\t<img decoding=\"async\" width=\"1024\" height=\"768\" src=\"https:\/\/cowork.uniag.sk\/kurz\/wp-content\/uploads\/sites\/9\/2023\/07\/zelene2-1024x768.jpg\" class=\"attachment-large size-large wp-image-92\" alt=\"\" loading=\"lazy\" srcset=\"https:\/\/cowork.uniag.sk\/kurz\/wp-content\/uploads\/sites\/9\/2023\/07\/zelene2-1024x768.jpg 1024w, https:\/\/cowork.uniag.sk\/kurz\/wp-content\/uploads\/sites\/9\/2023\/07\/zelene2-300x225.jpg 300w, https:\/\/cowork.uniag.sk\/kurz\/wp-content\/uploads\/sites\/9\/2023\/07\/zelene2-768x576.jpg 768w, https:\/\/cowork.uniag.sk\/kurz\/wp-content\/uploads\/sites\/9\/2023\/07\/zelene2-1536x1152.jpg 1536w, https:\/\/cowork.uniag.sk\/kurz\/wp-content\/uploads\/sites\/9\/2023\/07\/zelene2.jpg 2048w\" sizes=\"(max-width: 1024px) 100vw, 1024px\" \/>\t\t\t\t\t\t\t\t\t\t\t\t\t\t\t<\/div>\n\t\t\t\t<\/div>\n\t\t\t\t<div class=\"elementor-element elementor-element-1ecbb7d elementor-widget elementor-widget-image-gallery\" data-id=\"1ecbb7d\" data-element_type=\"widget\" data-widget_type=\"image-gallery.default\">\n\t\t\t\t<div class=\"elementor-widget-container\">\n\t\t\t<style>\/*! elementor - v3.12.2 - 23-04-2023 *\/\n.elementor-image-gallery .gallery-item{display:inline-block;text-align:center;vertical-align:top;width:100%;max-width:100%;margin:0 auto}.elementor-image-gallery .gallery-item img{margin:0 auto}.elementor-image-gallery .gallery-item .gallery-caption{margin:0}.elementor-image-gallery figure img{display:block}.elementor-image-gallery figure figcaption{width:100%}.gallery-spacing-custom .elementor-image-gallery .gallery-icon{padding:0}@media (min-width:768px){.elementor-image-gallery .gallery-columns-2 .gallery-item{max-width:50%}.elementor-image-gallery .gallery-columns-3 .gallery-item{max-width:33.33%}.elementor-image-gallery .gallery-columns-4 .gallery-item{max-width:25%}.elementor-image-gallery .gallery-columns-5 .gallery-item{max-width:20%}.elementor-image-gallery .gallery-columns-6 .gallery-item{max-width:16.666%}.elementor-image-gallery .gallery-columns-7 .gallery-item{max-width:14.28%}.elementor-image-gallery .gallery-columns-8 .gallery-item{max-width:12.5%}.elementor-image-gallery .gallery-columns-9 .gallery-item{max-width:11.11%}.elementor-image-gallery .gallery-columns-10 .gallery-item{max-width:10%}}@media (min-width:480px) and (max-width:767px){.elementor-image-gallery .gallery.gallery-columns-2 .gallery-item,.elementor-image-gallery .gallery.gallery-columns-3 .gallery-item,.elementor-image-gallery .gallery.gallery-columns-4 .gallery-item,.elementor-image-gallery .gallery.gallery-columns-5 .gallery-item,.elementor-image-gallery .gallery.gallery-columns-6 .gallery-item,.elementor-image-gallery .gallery.gallery-columns-7 .gallery-item,.elementor-image-gallery .gallery.gallery-columns-8 .gallery-item,.elementor-image-gallery .gallery.gallery-columns-9 .gallery-item,.elementor-image-gallery .gallery.gallery-columns-10 .gallery-item{max-width:50%}}@media (max-width:479px){.elementor-image-gallery .gallery.gallery-columns-2 .gallery-item,.elementor-image-gallery .gallery.gallery-columns-3 .gallery-item,.elementor-image-gallery .gallery.gallery-columns-4 .gallery-item,.elementor-image-gallery .gallery.gallery-columns-5 .gallery-item,.elementor-image-gallery .gallery.gallery-columns-6 .gallery-item,.elementor-image-gallery .gallery.gallery-columns-7 .gallery-item,.elementor-image-gallery .gallery.gallery-columns-8 .gallery-item,.elementor-image-gallery .gallery.gallery-columns-9 .gallery-item,.elementor-image-gallery .gallery.gallery-columns-10 .gallery-item{max-width:100%}}<\/style>\t\t<div class=\"elementor-image-gallery\">\n\t\t\t<div id='gallery-1' class='gallery galleryid-89 gallery-columns-2 gallery-size-thumbnail'><figure class='gallery-item'>\n\t\t\t<div class='gallery-icon portrait'>\n\t\t\t\t<a data-elementor-open-lightbox=\"yes\" data-elementor-lightbox-slideshow=\"1ecbb7d\" data-elementor-lightbox-title=\"zelene\" data-e-action-hash=\"#elementor-action%3Aaction%3Dlightbox%26settings%3DeyJpZCI6OTMsInVybCI6Imh0dHBzOlwvXC9jb3dvcmsudW5pYWcuc2tcL2t1cnpcL3dwLWNvbnRlbnRcL3VwbG9hZHNcL3NpdGVzXC85XC8yMDIzXC8wN1wvemVsZW5lLmpwZyIsInNsaWRlc2hvdyI6IjFlY2JiN2QifQ%3D%3D\" href='https:\/\/cowork.uniag.sk\/kurz\/wp-content\/uploads\/sites\/9\/2023\/07\/zelene.jpg'><img width=\"150\" height=\"150\" src=\"https:\/\/cowork.uniag.sk\/kurz\/wp-content\/uploads\/sites\/9\/2023\/07\/zelene-150x150.jpg\" class=\"attachment-thumbnail size-thumbnail\" alt=\"\" decoding=\"async\" loading=\"lazy\" srcset=\"https:\/\/cowork.uniag.sk\/kurz\/wp-content\/uploads\/sites\/9\/2023\/07\/zelene-150x150.jpg 150w, https:\/\/cowork.uniag.sk\/kurz\/wp-content\/uploads\/sites\/9\/2023\/07\/zelene-600x600.jpg 600w\" sizes=\"(max-width: 150px) 100vw, 150px\" \/><\/a>\n\t\t\t<\/div><\/figure><figure class='gallery-item'>\n\t\t\t<div class='gallery-icon portrait'>\n\t\t\t\t<a data-elementor-open-lightbox=\"yes\" data-elementor-lightbox-slideshow=\"1ecbb7d\" data-elementor-lightbox-title=\"zelene3\" data-e-action-hash=\"#elementor-action%3Aaction%3Dlightbox%26settings%3DeyJpZCI6OTQsInVybCI6Imh0dHBzOlwvXC9jb3dvcmsudW5pYWcuc2tcL2t1cnpcL3dwLWNvbnRlbnRcL3VwbG9hZHNcL3NpdGVzXC85XC8yMDIzXC8wN1wvemVsZW5lMy5qcGciLCJzbGlkZXNob3ciOiIxZWNiYjdkIn0%3D\" href='https:\/\/cowork.uniag.sk\/kurz\/wp-content\/uploads\/sites\/9\/2023\/07\/zelene3.jpg'><img width=\"150\" height=\"150\" src=\"https:\/\/cowork.uniag.sk\/kurz\/wp-content\/uploads\/sites\/9\/2023\/07\/zelene3-150x150.jpg\" class=\"attachment-thumbnail size-thumbnail\" alt=\"\" decoding=\"async\" loading=\"lazy\" srcset=\"https:\/\/cowork.uniag.sk\/kurz\/wp-content\/uploads\/sites\/9\/2023\/07\/zelene3-150x150.jpg 150w, https:\/\/cowork.uniag.sk\/kurz\/wp-content\/uploads\/sites\/9\/2023\/07\/zelene3-600x600.jpg 600w\" sizes=\"(max-width: 150px) 100vw, 150px\" \/><\/a>\n\t\t\t<\/div><\/figure>\n\t\t<\/div>\n\t\t<\/div>\n\t\t\t\t<\/div>\n\t\t\t\t<\/div>\n\t\t\t\t\t<\/div>\n\t\t<\/div>\n\t\t\t\t<div class=\"elementor-column elementor-col-50 elementor-top-column elementor-element elementor-element-f7269d2\" data-id=\"f7269d2\" data-element_type=\"column\">\n\t\t\t<div class=\"elementor-widget-wrap elementor-element-populated\">\n\t\t\t\t\t\t\t\t<div class=\"elementor-element elementor-element-88f108f elementor-widget elementor-widget-text-editor\" data-id=\"88f108f\" data-element_type=\"widget\" data-widget_type=\"text-editor.default\">\n\t\t\t\t<div class=\"elementor-widget-container\">\n\t\t\t<style>\/*! elementor - v3.12.2 - 23-04-2023 *\/\n.elementor-widget-text-editor.elementor-drop-cap-view-stacked .elementor-drop-cap{background-color:#69727d;color:#fff}.elementor-widget-text-editor.elementor-drop-cap-view-framed .elementor-drop-cap{color:#69727d;border:3px solid;background-color:transparent}.elementor-widget-text-editor:not(.elementor-drop-cap-view-default) .elementor-drop-cap{margin-top:8px}.elementor-widget-text-editor:not(.elementor-drop-cap-view-default) .elementor-drop-cap-letter{width:1em;height:1em}.elementor-widget-text-editor .elementor-drop-cap{float:left;text-align:center;line-height:1;font-size:50px}.elementor-widget-text-editor .elementor-drop-cap-letter{display:inline-block}<\/style>\t\t\t\t<p><strong>V\u00fdsledky hodnotenia odbornej poroty:<\/strong><br aria-hidden=\"true\" \/><br aria-hidden=\"true\" \/>1. miesto: Hozl\u00e1r Adam, Matejkov\u00e1 Nicol, Szeg\u00e9nyov\u00e1 Alexandra, Rybnick\u00fd \u0160tefan<br aria-hidden=\"true\" \/>2. miesto: Sl\u00e1vikov\u00e1 Lenka, Ko\u0161\u010d\u00e1kov\u00e1 Vikt\u00f3ria, \u017digraiov\u00e1 Nat\u00e1lia<br aria-hidden=\"true\" \/>3. miesto: Gerge\u013e Maro\u0161, Feckov\u00e1 Gabriela, Ga\u0161\u0161ov\u00e1 Krist\u00edna<br aria-hidden=\"true\" \/><br aria-hidden=\"true\" \/>\u0160peci\u00e1lna odmena za kreativitu : Tok\u00e1r Radovan<\/p>\t\t\t\t\t\t<\/div>\n\t\t\t\t<\/div>\n\t\t\t\t\t<\/div>\n\t\t<\/div>\n\t\t\t\t\t\t\t<\/div>\n\t\t<\/section>\n\t\t\t\t\t\t\t<\/div>\n\t\t","protected":false},"excerpt":{"rendered":"<p>V\u00fdsledky hodnotenia odbornej poroty:1. miesto: Hozl\u00e1r Adam, Matejkov\u00e1 Nicol, Szeg\u00e9nyov\u00e1 Alexandra, Rybnick\u00fd \u0160tefan2. miesto: Sl\u00e1vikov\u00e1 Lenka, Ko\u0161\u010d\u00e1kov\u00e1 Vikt\u00f3ria, \u017digraiov\u00e1 Nat\u00e1lia3. miesto: Gerge\u013e Maro\u0161, Feckov\u00e1 Gabriela, Ga\u0161\u0161ov\u00e1 Krist\u00edna\u0160peci\u00e1lna odmena za kreativitu : Tok\u00e1r Radovan<\/p>\n","protected":false},"author":4,"featured_media":0,"parent":0,"menu_order":0,"comment_status":"closed","ping_status":"closed","template":"","meta":{"_ti_tpc_template_sync":false,"_ti_tpc_template_id":""},"acf":[],"_links":{"self":[{"href":"https:\/\/cowork.uniag.sk\/kurz\/wp-json\/wp\/v2\/pages\/89"}],"collection":[{"href":"https:\/\/cowork.uniag.sk\/kurz\/wp-json\/wp\/v2\/pages"}],"about":[{"href":"https:\/\/cowork.uniag.sk\/kurz\/wp-json\/wp\/v2\/types\/page"}],"author":[{"embeddable":true,"href":"https:\/\/cowork.uniag.sk\/kurz\/wp-json\/wp\/v2\/users\/4"}],"replies":[{"embeddable":true,"href":"https:\/\/cowork.uniag.sk\/kurz\/wp-json\/wp\/v2\/comments?post=89"}],"version-history":[{"count":4,"href":"https:\/\/cowork.uniag.sk\/kurz\/wp-json\/wp\/v2\/pages\/89\/revisions"}],"predecessor-version":[{"id":97,"href":"https:\/\/cowork.uniag.sk\/kurz\/wp-json\/wp\/v2\/pages\/89\/revisions\/97"}],"wp:attachment":[{"href":"https:\/\/cowork.uniag.sk\/kurz\/wp-json\/wp\/v2\/media?parent=89"}],"curies":[{"name":"wp","href":"https:\/\/api.w.org\/{rel}","templated":true}]}}