{"id":15,"date":"2023-04-25T09:03:08","date_gmt":"2023-04-25T07:03:08","guid":{"rendered":"https:\/\/cowork.uniag.sk\/portal\/?page_id=15"},"modified":"2024-08-29T15:57:51","modified_gmt":"2024-08-29T13:57:51","slug":"pravidla-vyuzivania-priestorov","status":"publish","type":"page","link":"https:\/\/cowork.uniag.sk\/portal\/pravidla-vyuzivania-priestorov\/","title":{"rendered":"Pravidl\u00e1 vyu\u017e\u00edvania priestorov"},"content":{"rendered":"\n<p><strong>I. Kontaktn\u00e9 \u00fadaje<\/strong><\/p>\n\n\n\n<p>Univerzitn\u00e9 poradensk\u00e9 a podporn\u00e9 centrum<br>SPU v Nitre<br>Tr. A. Hlinku 2, 949 76 Nitra<br>uppc@uniag.sk<\/p>\n\n\n\n<p><strong>II. Identifik\u00e1cia coworkingov\u00e9ho centra,  prev\u00e1dzkov\u00e9 podmienky<\/strong><\/p>\n\n\n\n<ol>\n<li>Coworkingov\u00e9 centrum SPU je priestor, ktor\u00fd je orientovan\u00fd na 1. podzemnom podla\u017e\u00ed v \u010dasti &#8220;Le\u017eiak&#8221; \u0160D Mlados\u0165. Tvor\u00ed ho predn\u00e1\u0161kov\u00e1 \u010das\u0165, pracovn\u00e1 \u010das\u0165 a kuchynka.<\/li>\n\n\n\n<li>Sl\u00fa\u017ei pre pr\u00e1cu na t\u00edmov\u00fdch a individu\u00e1lnych projektoch, na ktor\u00fdch pracuj\u00fa \u0161tudenti a realiz\u00e1ciu podujat\u00ed, ktor\u00fdch prim\u00e1rnou cie\u013eovou skupinou s\u00fa \u0161tudenti alebo zamestnanci SPU v Nitre.<\/li>\n<\/ol>\n\n\n\n<p><strong>III. Pridelenie pr\u00edstupu<\/strong><\/p>\n\n\n\n<ol>\n<li>Vyu\u017eitie priestorov je podmienen\u00e9 ich rezerv\u00e1ciou a jej schv\u00e1len\u00edm spr\u00e1vcami Coworkingov\u00e9ho centra, pri\u010dom vstupy s vyu\u017eit\u00edm pr\u00edstupov\u00fdch k\u00f3dov s\u00fa zaznamen\u00e1van\u00e9 za \u00fa\u010delom zabezpe\u010denia ochrany majetku a priestorov.<\/li>\n\n\n\n<li>Za majetok a stav priestorov zodpoved\u00e1 osoba, ktorej bol na z\u00e1klade rezerv\u00e1cie pridelen\u00fd vstupn\u00fd PIN k\u00f3d a to od momentu jeho pou\u017eitia na vstup do priestorov.<\/li>\n<\/ol>\n\n\n\n<p><strong>IV.<\/strong> <strong>Podmienky prev\u00e1dzky<\/strong><\/p>\n\n\n\n<ol>\n<li>Pri vyu\u017e\u00edvan\u00ed priestorov je nevyhnutn\u00e9 dodr\u017eiava\u0165 vn\u00fatorn\u00e9 predpisy SPU v Nitre, najm\u00e4 pravidl\u00e1 <a href=\"https:\/\/is.uniag.sk\/dok_server\/slozka.pl?id=2824;download=39771;lang=sk\">BOZP<\/a>.<\/li>\n\n\n\n<li>Po skon\u010den\u00ed vyu\u017e\u00edvania priestorov je nevyhnutn\u00e9 ich uvies\u0165 do p\u00f4vodn\u00e9ho stavu.<\/li>\n\n\n\n<li>V pr\u00edpade zistenia poruchy alebo z\u00e1vady je nevyhnutn\u00e9 ju bezodkladne nahl\u00e1si\u0165 e-mailom na filip.tkac@uniag.sk.<\/li>\n<\/ol>\n","protected":false},"excerpt":{"rendered":"<p>I. Kontaktn\u00e9 \u00fadaje Univerzitn\u00e9 poradensk\u00e9 a podporn\u00e9 centrumSPU v NitreTr. A. Hlinku 2, 949 76 Nitrauppc@uniag.sk II. Identifik\u00e1cia coworkingov\u00e9ho centra, prev\u00e1dzkov\u00e9 podmienky III. Pridelenie pr\u00edstupu IV. Podmienky prev\u00e1dzky<\/p>\n","protected":false},"author":4,"featured_media":0,"parent":0,"menu_order":0,"comment_status":"closed","ping_status":"closed","template":"","meta":{"neve_meta_sidebar":"","neve_meta_container":"","neve_meta_enable_content_width":"","neve_meta_content_width":0,"neve_meta_title_alignment":"","neve_meta_author_avatar":"","neve_post_elements_order":"","neve_meta_disable_header":"","neve_meta_disable_footer":"","neve_meta_disable_title":"","_ti_tpc_template_sync":false,"_ti_tpc_template_id":""},"acf":[],"_links":{"self":[{"href":"https:\/\/cowork.uniag.sk\/portal\/wp-json\/wp\/v2\/pages\/15"}],"collection":[{"href":"https:\/\/cowork.uniag.sk\/portal\/wp-json\/wp\/v2\/pages"}],"about":[{"href":"https:\/\/cowork.uniag.sk\/portal\/wp-json\/wp\/v2\/types\/page"}],"author":[{"embeddable":true,"href":"https:\/\/cowork.uniag.sk\/portal\/wp-json\/wp\/v2\/users\/4"}],"replies":[{"embeddable":true,"href":"https:\/\/cowork.uniag.sk\/portal\/wp-json\/wp\/v2\/comments?post=15"}],"version-history":[{"count":2,"href":"https:\/\/cowork.uniag.sk\/portal\/wp-json\/wp\/v2\/pages\/15\/revisions"}],"predecessor-version":[{"id":77,"href":"https:\/\/cowork.uniag.sk\/portal\/wp-json\/wp\/v2\/pages\/15\/revisions\/77"}],"wp:attachment":[{"href":"https:\/\/cowork.uniag.sk\/portal\/wp-json\/wp\/v2\/media?parent=15"}],"curies":[{"name":"wp","href":"https:\/\/api.w.org\/{rel}","templated":true}]}}