{"id":9,"date":"2023-04-25T08:14:10","date_gmt":"2023-04-25T06:14:10","guid":{"rendered":"https:\/\/cowork.uniag.sk\/portal\/?page_id=9"},"modified":"2024-08-29T15:55:18","modified_gmt":"2024-08-29T13:55:18","slug":"elementor-9","status":"publish","type":"page","link":"https:\/\/cowork.uniag.sk\/portal\/","title":{"rendered":"\u00davod"},"content":{"rendered":"\t\t<div data-elementor-type=\"wp-post\" data-elementor-id=\"9\" class=\"elementor elementor-9\">\n\t\t\t\t\t\t\t\t\t<section class=\"elementor-section elementor-top-section elementor-element elementor-element-aee8ad4 elementor-section-boxed elementor-section-height-default elementor-section-height-default\" data-id=\"aee8ad4\" data-element_type=\"section\">\n\t\t\t\t\t\t<div class=\"elementor-container elementor-column-gap-default\">\n\t\t\t\t\t<div class=\"elementor-column elementor-col-100 elementor-top-column elementor-element elementor-element-f7d0bea\" data-id=\"f7d0bea\" data-element_type=\"column\">\n\t\t\t<div class=\"elementor-widget-wrap elementor-element-populated\">\n\t\t\t\t\t\t\t\t<div class=\"elementor-element elementor-element-7de9947 elementor-widget elementor-widget-text-editor\" data-id=\"7de9947\" data-element_type=\"widget\" data-widget_type=\"text-editor.default\">\n\t\t\t\t<div class=\"elementor-widget-container\">\n\t\t\t<style>\/*! elementor - v3.12.2 - 23-04-2023 *\/\n.elementor-widget-text-editor.elementor-drop-cap-view-stacked .elementor-drop-cap{background-color:#69727d;color:#fff}.elementor-widget-text-editor.elementor-drop-cap-view-framed .elementor-drop-cap{color:#69727d;border:3px solid;background-color:transparent}.elementor-widget-text-editor:not(.elementor-drop-cap-view-default) .elementor-drop-cap{margin-top:8px}.elementor-widget-text-editor:not(.elementor-drop-cap-view-default) .elementor-drop-cap-letter{width:1em;height:1em}.elementor-widget-text-editor .elementor-drop-cap{float:left;text-align:center;line-height:1;font-size:50px}.elementor-widget-text-editor .elementor-drop-cap-letter{display:inline-block}<\/style>\t\t\t\t<p><strong>Coworkingov\u00e9 centrum SPU je priestor, ktor\u00fd sa nach\u00e1dza na intern\u00e1te Mlados\u0165. Je vybudovan\u00fd prim\u00e1rne pre \u0161tudentov, ktor\u00ed chc\u00fa pracova\u0165 na t\u00edmov\u00fdch projektoch alebo rozbehn\u00fa\u0165 vlastn\u00e9 projekty a samostatn\u00e9 startupy. Nach\u00e1dza sa tu predn\u00e1\u0161kov\u00e1 \u010das\u0165 s audiovizu\u00e1lny vybaven\u00edm (projektor, ozvu\u010denie)<br \/>s kapacitou 40 miest na sedenie, \u010das\u0165 pre tvoriv\u00fa pr\u00e1cu s tabu\u013eou a vybaven\u00e1 kuchynka.<\/strong><\/p>\t\t\t\t\t\t<\/div>\n\t\t\t\t<\/div>\n\t\t\t\t<div class=\"elementor-element elementor-element-a61915c elementor-widget elementor-widget-text-editor\" data-id=\"a61915c\" data-element_type=\"widget\" data-widget_type=\"text-editor.default\">\n\t\t\t\t<div class=\"elementor-widget-container\">\n\t\t\t\t\t\t\t<p><b>Priestor je mo\u017en\u00e9 vyu\u017ei\u0165 na t\u00edmov\u00fa \u010di samostatn\u00fa pr\u00e1cu registrovan\u00fdch \u0161tudentov SPU v Nitre, alebo ako priestor pre dopredu pl\u00e1novan\u00e9 podujatia.\u00a0<br \/><\/b><b style=\"color: var( --e-global-color-text ); font-family: var( --e-global-typography-text-font-family ), Sans-serif; background-color: var(--nv-site-bg); font-size: var(--bodyfontsize); letter-spacing: var(--bodyletterspacing); text-transform: var(--bodytexttransform);\">V nadv\u00e4znosti na to s\u00fa k dispoz\u00edcii dva typy rezerv\u00e1cie priestorov:<\/b><\/p>\t\t\t\t\t\t<\/div>\n\t\t\t\t<\/div>\n\t\t\t\t<div class=\"elementor-element elementor-element-cce5739 elementor-widget elementor-widget-html\" data-id=\"cce5739\" data-element_type=\"widget\" data-widget_type=\"html.default\">\n\t\t\t\t<div class=\"elementor-widget-container\">\n\t\t\t<a href=\"https:\/\/cowork.uniag.sk\/portal\/wp-content\/uploads\/sites\/7\/2024\/08\/cowork-navody.pdf\"  style=\"color: #fff; background-color: #61CE70; border-radius: 4px; font-family: Arial, Helvetica, sans-serif; font-weight: bold; display: inline-block; padding: 6px 20px 6px 20px; text-decoration: none;\">N\u00e1vod k bezk\u013e\u00fa\u010dov\u00e9mu pr\u00edstupu<\/a>\r\n\t\t<\/div>\n\t\t\t\t<\/div>\n\t\t\t\t<section class=\"elementor-section elementor-inner-section elementor-element elementor-element-b198a93 elementor-section-boxed elementor-section-height-default elementor-section-height-default\" data-id=\"b198a93\" data-element_type=\"section\">\n\t\t\t\t\t\t<div class=\"elementor-container elementor-column-gap-default\">\n\t\t\t\t\t<div class=\"elementor-column elementor-col-50 elementor-inner-column elementor-element elementor-element-e52045b\" data-id=\"e52045b\" data-element_type=\"column\">\n\t\t\t<div class=\"elementor-widget-wrap elementor-element-populated\">\n\t\t\t\t\t\t\t\t<div class=\"elementor-element elementor-element-0fd47e8 elementor-widget elementor-widget-text-editor\" data-id=\"0fd47e8\" data-element_type=\"widget\" data-widget_type=\"text-editor.default\">\n\t\t\t\t<div class=\"elementor-widget-container\">\n\t\t\t\t\t\t\t<p><span style=\"font-weight: bold;\">Kr\u00e1tkodob\u00e1 rezerv\u00e1cia (max. 3 hodiny)<\/span><\/p><p>\u0160tudenti a zamestnanci SPU m\u00f4\u017eu v \u010dase, ke\u010f v \u0148om neprebieha \u017eiadne podujatie, priestor vyu\u017ei\u0165 na t\u00edmov\u00fa \u010di samostatn\u00fa pr\u00e1cu bezplatne. V tomto pr\u00edpade sa rezerv\u00e1cia realizuje cez\u00a0<a style=\"--linkdeco: underline;\" href=\"https:\/\/cowork.uniag.sk\/rezervacie\">Rezerva\u010dn\u00fd syst\u00e9m.<\/a>\u00a0Rezerv\u00e1ciu je mo\u017en\u00e9 zada\u0165 najviac v 3 mesa\u010dnom predstihu a najdlh\u0161ie v trvan\u00ed 3 h\/de\u0148. Po schv\u00e1len\u00ed rezerv\u00e1cie je pridelen\u00fd pr\u00edstupov\u00fd k\u00f3d na bezk\u013e\u00fa\u010dov\u00fd vstup do priestorov v \u010dase trvania rezerv\u00e1cie.<\/p><p>\u00a0<\/p>\t\t\t\t\t\t<\/div>\n\t\t\t\t<\/div>\n\t\t\t\t\t<\/div>\n\t\t<\/div>\n\t\t\t\t<div class=\"elementor-column elementor-col-50 elementor-inner-column elementor-element elementor-element-1e34486\" data-id=\"1e34486\" data-element_type=\"column\">\n\t\t\t<div class=\"elementor-widget-wrap elementor-element-populated\">\n\t\t\t\t\t\t\t\t<div class=\"elementor-element elementor-element-795aa60 elementor-widget elementor-widget-text-editor\" data-id=\"795aa60\" data-element_type=\"widget\" data-widget_type=\"text-editor.default\">\n\t\t\t\t<div class=\"elementor-widget-container\">\n\t\t\t\t\t\t\t<p><b>Celodenn\u00e1 udalos\u0165 (viac ako 3 hodiny)<\/b><\/p>\n<p>Zamestnanci SPU m\u00f4\u017eu priestory vyu\u017ei\u0165 na realiz\u00e1ciu podujat\u00ed, ktor\u00e9 s\u00fa organizovan\u00e9 ofici\u00e1lne pod hlavi\u010dkou univerzity, a ktor\u00e9ho prim\u00e1rnou cie\u013eovou skupinou s\u00fa jej \u0161tudenti alebo zamestnanci. Po\u017eiadavku na rezerv\u00e1ciu je nutn\u00e9 zada\u0165 najmenej 10 dn\u00ed pred pl\u00e1novan\u00fdm podujat\u00edm prostredn\u00edctvom <a href=\"https:\/\/forms.office.com\/Pages\/ResponsePage.aspx?id=7hqAVcvMxUaIDNb2xGA_QoHDASMu5ZRKoQ7m4HmIfnZUMFBaNlFBQjNFQ0hXSjlIVDZPTzhJSUhFTS4u\">formul\u00e1ra<\/a>. Technick\u00e9 zabezpe\u010denie a obsluha je realizovan\u00e1 vo vlastnej r\u00e9\u017eii organiz\u00e1tora podujatia, ktor\u00e9mu je pridelen\u00fd \u010dasovo-obmedzen\u00fd pr\u00edstupov\u00fd k\u00f3d na bezk\u013e\u00fa\u010dov\u00fd vstup do priestorov.<\/p>\t\t\t\t\t\t<\/div>\n\t\t\t\t<\/div>\n\t\t\t\t\t<\/div>\n\t\t<\/div>\n\t\t\t\t\t\t\t<\/div>\n\t\t<\/section>\n\t\t\t\t\t<\/div>\n\t\t<\/div>\n\t\t\t\t\t\t\t<\/div>\n\t\t<\/section>\n\t\t\t\t<section class=\"elementor-section elementor-top-section elementor-element elementor-element-c948d34 elementor-section-boxed elementor-section-height-default elementor-section-height-default\" data-id=\"c948d34\" data-element_type=\"section\">\n\t\t\t\t\t\t<div class=\"elementor-container elementor-column-gap-default\">\n\t\t\t\t\t<div class=\"elementor-column elementor-col-50 elementor-top-column elementor-element elementor-element-858aaed\" data-id=\"858aaed\" data-element_type=\"column\">\n\t\t\t<div class=\"elementor-widget-wrap elementor-element-populated\">\n\t\t\t\t\t\t\t\t<div class=\"elementor-element elementor-element-9ead41e elementor-widget elementor-widget-html\" data-id=\"9ead41e\" data-element_type=\"widget\" data-widget_type=\"html.default\">\n\t\t\t\t<div class=\"elementor-widget-container\">\n\t\t\t<a href=\"http:\/\/reenio.sk\/sk\/redirect\/reservationpage\/15553\" class=\"reenio-reservation-btn\" data-url=\"\/term\/P797737R66411;viewMode=day;hideResources=1\" style=\"color: #fff; background-color: #61CE70; border-radius: 4px; font-family: Arial, Helvetica, sans-serif; font-weight: bold; display: inline-block; padding: 6px 27px 6px 27px; text-decoration: none;\">Nov\u00e1 rezerv\u00e1cia<\/a>\r\n<script src=\"https:\/\/reenio.sk\/sk\/GE2TKNJT\/widget-reservation-btn.js\" async defer><\/script>\t\t<\/div>\n\t\t\t\t<\/div>\n\t\t\t\t\t<\/div>\n\t\t<\/div>\n\t\t\t\t<div class=\"elementor-column elementor-col-50 elementor-top-column elementor-element elementor-element-d7ba810\" data-id=\"d7ba810\" data-element_type=\"column\">\n\t\t\t<div class=\"elementor-widget-wrap elementor-element-populated\">\n\t\t\t\t\t\t\t\t<div class=\"elementor-element elementor-element-4dbcffa elementor-widget elementor-widget-html\" data-id=\"4dbcffa\" data-element_type=\"widget\" data-widget_type=\"html.default\">\n\t\t\t\t<div class=\"elementor-widget-container\">\n\t\t\t<a href=\"https:\/\/forms.office.com\/Pages\/ResponsePage.aspx?id=7hqAVcvMxUaIDNb2xGA_QoHDASMu5ZRKoQ7m4HmIfnZUMFBaNlFBQjNFQ0hXSjlIVDZPTzhJSUhFTS4u\"  style=\"color: #fff; background-color: #61CE70; border-radius: 4px; font-family: Arial, Helvetica, sans-serif; font-weight: bold; display: inline-block; padding: 6px 20px 6px 20px; text-decoration: none;\">Zada\u0165 po\u017eiadavku<\/a>\r\n\t\t<\/div>\n\t\t\t\t<\/div>\n\t\t\t\t\t<\/div>\n\t\t<\/div>\n\t\t\t\t\t\t\t<\/div>\n\t\t<\/section>\n\t\t\t\t\t\t\t<\/div>\n\t\t","protected":false},"excerpt":{"rendered":"<p>Coworkingov\u00e9 centrum SPU je priestor, ktor\u00fd sa nach\u00e1dza na intern\u00e1te Mlados\u0165. Je vybudovan\u00fd prim\u00e1rne pre \u0161tudentov, ktor\u00ed chc\u00fa pracova\u0165 na t\u00edmov\u00fdch projektoch alebo rozbehn\u00fa\u0165 vlastn\u00e9 projekty a samostatn\u00e9 startupy. Nach\u00e1dza sa tu predn\u00e1\u0161kov\u00e1 \u010das\u0165 s audiovizu\u00e1lny vybaven\u00edm (projektor, ozvu\u010denie)s kapacitou 40 miest na sedenie, \u010das\u0165 pre tvoriv\u00fa pr\u00e1cu s tabu\u013eou a vybaven\u00e1 kuchynka. Priestor je&hellip;&nbsp;<a href=\"https:\/\/cowork.uniag.sk\/portal\/\" class=\"\" rel=\"bookmark\">\u010c\u00edta\u0165 viac &raquo;<span class=\"screen-reader-text\">\u00davod<\/span><\/a><\/p>\n","protected":false},"author":4,"featured_media":0,"parent":0,"menu_order":0,"comment_status":"closed","ping_status":"closed","template":"page-templates\/template-pagebuilder-full-width.php","meta":{"neve_meta_sidebar":"","neve_meta_container":"","neve_meta_enable_content_width":"","neve_meta_content_width":0,"neve_meta_title_alignment":"","neve_meta_author_avatar":"","neve_post_elements_order":"","neve_meta_disable_header":"","neve_meta_disable_footer":"","neve_meta_disable_title":"","_ti_tpc_template_sync":false,"_ti_tpc_template_id":""},"acf":[],"_links":{"self":[{"href":"https:\/\/cowork.uniag.sk\/portal\/wp-json\/wp\/v2\/pages\/9"}],"collection":[{"href":"https:\/\/cowork.uniag.sk\/portal\/wp-json\/wp\/v2\/pages"}],"about":[{"href":"https:\/\/cowork.uniag.sk\/portal\/wp-json\/wp\/v2\/types\/page"}],"author":[{"embeddable":true,"href":"https:\/\/cowork.uniag.sk\/portal\/wp-json\/wp\/v2\/users\/4"}],"replies":[{"embeddable":true,"href":"https:\/\/cowork.uniag.sk\/portal\/wp-json\/wp\/v2\/comments?post=9"}],"version-history":[{"count":20,"href":"https:\/\/cowork.uniag.sk\/portal\/wp-json\/wp\/v2\/pages\/9\/revisions"}],"predecessor-version":[{"id":75,"href":"https:\/\/cowork.uniag.sk\/portal\/wp-json\/wp\/v2\/pages\/9\/revisions\/75"}],"wp:attachment":[{"href":"https:\/\/cowork.uniag.sk\/portal\/wp-json\/wp\/v2\/media?parent=9"}],"curies":[{"name":"wp","href":"https:\/\/api.w.org\/{rel}","templated":true}]}}