{"id":177,"date":"2023-07-31T12:40:37","date_gmt":"2023-07-31T10:40:37","guid":{"rendered":"https:\/\/cowork.uniag.sk\/startup\/?page_id=177"},"modified":"2023-07-31T13:01:33","modified_gmt":"2023-07-31T11:01:33","slug":"vyhodnotenie","status":"publish","type":"page","link":"https:\/\/cowork.uniag.sk\/startup\/vyhodnotenie\/","title":{"rendered":"Vyhodnotenie"},"content":{"rendered":"\t\t<div data-elementor-type=\"wp-page\" data-elementor-id=\"177\" class=\"elementor elementor-177\">\n\t\t\t\t\t\t\t\t\t<section class=\"elementor-section elementor-top-section elementor-element elementor-element-1945745 elementor-section-boxed elementor-section-height-default elementor-section-height-default\" data-id=\"1945745\" data-element_type=\"section\">\n\t\t\t\t\t\t<div class=\"elementor-container elementor-column-gap-default\">\n\t\t\t\t\t<div class=\"elementor-column elementor-col-50 elementor-top-column elementor-element elementor-element-b6dd4a3\" data-id=\"b6dd4a3\" data-element_type=\"column\">\n\t\t\t<div class=\"elementor-widget-wrap elementor-element-populated\">\n\t\t\t\t\t\t\t\t<div class=\"elementor-element elementor-element-fe55e82 elementor-widget elementor-widget-image\" data-id=\"fe55e82\" data-element_type=\"widget\" data-widget_type=\"image.default\">\n\t\t\t\t<div class=\"elementor-widget-container\">\n\t\t\t<style>\/*! elementor - v3.12.2 - 23-04-2023 *\/\n.elementor-widget-image{text-align:center}.elementor-widget-image a{display:inline-block}.elementor-widget-image a img[src$=\".svg\"]{width:48px}.elementor-widget-image img{vertical-align:middle;display:inline-block}<\/style>\t\t\t\t\t\t\t\t\t\t\t\t<img decoding=\"async\" width=\"768\" height=\"576\" src=\"https:\/\/cowork.uniag.sk\/startup\/wp-content\/uploads\/sites\/8\/2023\/07\/IMG_6691-768x576.jpeg\" class=\"attachment-medium_large size-medium_large wp-image-179\" alt=\"\" loading=\"lazy\" srcset=\"https:\/\/cowork.uniag.sk\/startup\/wp-content\/uploads\/sites\/8\/2023\/07\/IMG_6691-768x576.jpeg 768w, https:\/\/cowork.uniag.sk\/startup\/wp-content\/uploads\/sites\/8\/2023\/07\/IMG_6691-300x225.jpeg 300w, https:\/\/cowork.uniag.sk\/startup\/wp-content\/uploads\/sites\/8\/2023\/07\/IMG_6691-1024x768.jpeg 1024w, https:\/\/cowork.uniag.sk\/startup\/wp-content\/uploads\/sites\/8\/2023\/07\/IMG_6691-1536x1152.jpeg 1536w, https:\/\/cowork.uniag.sk\/startup\/wp-content\/uploads\/sites\/8\/2023\/07\/IMG_6691.jpeg 2048w\" sizes=\"(max-width: 768px) 100vw, 768px\" \/>\t\t\t\t\t\t\t\t\t\t\t\t\t\t\t<\/div>\n\t\t\t\t<\/div>\n\t\t\t\t\t<\/div>\n\t\t<\/div>\n\t\t\t\t<div class=\"elementor-column elementor-col-50 elementor-top-column elementor-element elementor-element-aac73c2\" data-id=\"aac73c2\" data-element_type=\"column\">\n\t\t\t<div class=\"elementor-widget-wrap elementor-element-populated\">\n\t\t\t\t\t\t\t\t<div class=\"elementor-element elementor-element-519b853 elementor-widget elementor-widget-text-editor\" data-id=\"519b853\" data-element_type=\"widget\" data-widget_type=\"text-editor.default\">\n\t\t\t\t<div class=\"elementor-widget-container\">\n\t\t\t<style>\/*! elementor - v3.12.2 - 23-04-2023 *\/\n.elementor-widget-text-editor.elementor-drop-cap-view-stacked .elementor-drop-cap{background-color:#69727d;color:#fff}.elementor-widget-text-editor.elementor-drop-cap-view-framed .elementor-drop-cap{color:#69727d;border:3px solid;background-color:transparent}.elementor-widget-text-editor:not(.elementor-drop-cap-view-default) .elementor-drop-cap{margin-top:8px}.elementor-widget-text-editor:not(.elementor-drop-cap-view-default) .elementor-drop-cap-letter{width:1em;height:1em}.elementor-widget-text-editor .elementor-drop-cap{float:left;text-align:center;line-height:1;font-size:50px}.elementor-widget-text-editor .elementor-drop-cap-letter{display:inline-block}<\/style>\t\t\t\t<p>V <em><strong>Coworkingovom centre SPU<\/strong><\/em> v Nitre sa 31. j\u00fala uskuto\u010dnila prezent\u00e1cia troch <strong>podnikate\u013esk\u00fdch n\u00e1padov<\/strong>, ktor\u00e9 vznikli ako v\u00fdstup <em><strong>Virtu\u00e1lneho Living Lab-u<\/strong><\/em> v r\u00e1mci projektu<em><strong> Podpora aktv\u00edt konceptu Zelenej univerzity SPU v Nitre <\/strong>a post\u00fapili do II.kola s\u00fa\u0165a\u017ee.<\/em><\/p>\t\t\t\t\t\t<\/div>\n\t\t\t\t<\/div>\n\t\t\t\t<div class=\"elementor-element elementor-element-649510b elementor-widget elementor-widget-text-editor\" data-id=\"649510b\" data-element_type=\"widget\" data-widget_type=\"text-editor.default\">\n\t\t\t\t<div class=\"elementor-widget-container\">\n\t\t\t\t\t\t\t<p>Odborn\u00e1 porota, pod veden\u00edm garantky predmetu Obchodn\u00e9 podnikanie doc. Ingrid Ko\u0161i\u010diarovej, PhD., rozhodla o nasledovnom v\u00fdslednom <b>porad\u00ed \u00fa\u010dastn\u00edkov<\/b>:<\/p><p>1. miesto: Pro-Fitky (Krist\u00edna Kunikov\u00e1, Filip P\u0148a\u010dek)<\/p><p>2. miesto: SunSet (Janka Mi\u010dodov\u00e1, Patr\u00edcia Janku\u0161\u00edkov\u00e1)<\/p><p>3. miesto: FreshSaver (Vira Vasylyk, Tatiana Lehetov\u00e1)<\/p>\t\t\t\t\t\t<\/div>\n\t\t\t\t<\/div>\n\t\t\t\t\t<\/div>\n\t\t<\/div>\n\t\t\t\t\t\t\t<\/div>\n\t\t<\/section>\n\t\t\t\t<section class=\"elementor-section elementor-top-section elementor-element elementor-element-eed0484 elementor-section-boxed elementor-section-height-default elementor-section-height-default\" data-id=\"eed0484\" data-element_type=\"section\">\n\t\t\t\t\t\t<div class=\"elementor-container elementor-column-gap-default\">\n\t\t\t\t\t<div class=\"elementor-column elementor-col-100 elementor-top-column elementor-element elementor-element-d47deed\" data-id=\"d47deed\" data-element_type=\"column\">\n\t\t\t<div class=\"elementor-widget-wrap elementor-element-populated\">\n\t\t\t\t\t\t\t\t<div class=\"elementor-element elementor-element-e349f9f elementor-widget elementor-widget-image-gallery\" data-id=\"e349f9f\" data-element_type=\"widget\" data-widget_type=\"image-gallery.default\">\n\t\t\t\t<div class=\"elementor-widget-container\">\n\t\t\t<style>\/*! elementor - v3.12.2 - 23-04-2023 *\/\n.elementor-image-gallery .gallery-item{display:inline-block;text-align:center;vertical-align:top;width:100%;max-width:100%;margin:0 auto}.elementor-image-gallery .gallery-item img{margin:0 auto}.elementor-image-gallery .gallery-item .gallery-caption{margin:0}.elementor-image-gallery figure img{display:block}.elementor-image-gallery figure figcaption{width:100%}.gallery-spacing-custom .elementor-image-gallery .gallery-icon{padding:0}@media (min-width:768px){.elementor-image-gallery .gallery-columns-2 .gallery-item{max-width:50%}.elementor-image-gallery .gallery-columns-3 .gallery-item{max-width:33.33%}.elementor-image-gallery .gallery-columns-4 .gallery-item{max-width:25%}.elementor-image-gallery .gallery-columns-5 .gallery-item{max-width:20%}.elementor-image-gallery .gallery-columns-6 .gallery-item{max-width:16.666%}.elementor-image-gallery .gallery-columns-7 .gallery-item{max-width:14.28%}.elementor-image-gallery .gallery-columns-8 .gallery-item{max-width:12.5%}.elementor-image-gallery .gallery-columns-9 .gallery-item{max-width:11.11%}.elementor-image-gallery .gallery-columns-10 .gallery-item{max-width:10%}}@media (min-width:480px) and (max-width:767px){.elementor-image-gallery .gallery.gallery-columns-2 .gallery-item,.elementor-image-gallery .gallery.gallery-columns-3 .gallery-item,.elementor-image-gallery .gallery.gallery-columns-4 .gallery-item,.elementor-image-gallery .gallery.gallery-columns-5 .gallery-item,.elementor-image-gallery .gallery.gallery-columns-6 .gallery-item,.elementor-image-gallery .gallery.gallery-columns-7 .gallery-item,.elementor-image-gallery .gallery.gallery-columns-8 .gallery-item,.elementor-image-gallery .gallery.gallery-columns-9 .gallery-item,.elementor-image-gallery .gallery.gallery-columns-10 .gallery-item{max-width:50%}}@media (max-width:479px){.elementor-image-gallery .gallery.gallery-columns-2 .gallery-item,.elementor-image-gallery .gallery.gallery-columns-3 .gallery-item,.elementor-image-gallery .gallery.gallery-columns-4 .gallery-item,.elementor-image-gallery .gallery.gallery-columns-5 .gallery-item,.elementor-image-gallery .gallery.gallery-columns-6 .gallery-item,.elementor-image-gallery .gallery.gallery-columns-7 .gallery-item,.elementor-image-gallery .gallery.gallery-columns-8 .gallery-item,.elementor-image-gallery .gallery.gallery-columns-9 .gallery-item,.elementor-image-gallery .gallery.gallery-columns-10 .gallery-item{max-width:100%}}<\/style>\t\t<div class=\"elementor-image-gallery\">\n\t\t\t<div id='gallery-1' class='gallery galleryid-177 gallery-columns-6 gallery-size-thumbnail'><figure class='gallery-item'>\n\t\t\t<div class='gallery-icon landscape'>\n\t\t\t\t<a data-elementor-open-lightbox=\"yes\" data-elementor-lightbox-slideshow=\"e349f9f\" data-elementor-lightbox-title=\"IMG_6667\" data-e-action-hash=\"#elementor-action%3Aaction%3Dlightbox%26settings%3DeyJpZCI6MTgxLCJ1cmwiOiJodHRwczpcL1wvY293b3JrLnVuaWFnLnNrXC9zdGFydHVwXC93cC1jb250ZW50XC91cGxvYWRzXC9zaXRlc1wvOFwvMjAyM1wvMDdcL0lNR182NjY3LmpwZWciLCJzbGlkZXNob3ciOiJlMzQ5ZjlmIn0%3D\" href='https:\/\/cowork.uniag.sk\/startup\/wp-content\/uploads\/sites\/8\/2023\/07\/IMG_6667.jpeg'><img width=\"150\" height=\"150\" src=\"https:\/\/cowork.uniag.sk\/startup\/wp-content\/uploads\/sites\/8\/2023\/07\/IMG_6667-150x150.jpeg\" class=\"attachment-thumbnail size-thumbnail\" alt=\"\" decoding=\"async\" loading=\"lazy\" srcset=\"https:\/\/cowork.uniag.sk\/startup\/wp-content\/uploads\/sites\/8\/2023\/07\/IMG_6667-150x150.jpeg 150w, https:\/\/cowork.uniag.sk\/startup\/wp-content\/uploads\/sites\/8\/2023\/07\/IMG_6667-600x600.jpeg 600w\" sizes=\"(max-width: 150px) 100vw, 150px\" \/><\/a>\n\t\t\t<\/div><\/figure><figure class='gallery-item'>\n\t\t\t<div class='gallery-icon landscape'>\n\t\t\t\t<a data-elementor-open-lightbox=\"yes\" data-elementor-lightbox-slideshow=\"e349f9f\" data-elementor-lightbox-title=\"IMG_6673\" data-e-action-hash=\"#elementor-action%3Aaction%3Dlightbox%26settings%3DeyJpZCI6MTgyLCJ1cmwiOiJodHRwczpcL1wvY293b3JrLnVuaWFnLnNrXC9zdGFydHVwXC93cC1jb250ZW50XC91cGxvYWRzXC9zaXRlc1wvOFwvMjAyM1wvMDdcL0lNR182NjczLmpwZWciLCJzbGlkZXNob3ciOiJlMzQ5ZjlmIn0%3D\" href='https:\/\/cowork.uniag.sk\/startup\/wp-content\/uploads\/sites\/8\/2023\/07\/IMG_6673.jpeg'><img width=\"150\" height=\"150\" src=\"https:\/\/cowork.uniag.sk\/startup\/wp-content\/uploads\/sites\/8\/2023\/07\/IMG_6673-150x150.jpeg\" class=\"attachment-thumbnail size-thumbnail\" alt=\"\" decoding=\"async\" loading=\"lazy\" srcset=\"https:\/\/cowork.uniag.sk\/startup\/wp-content\/uploads\/sites\/8\/2023\/07\/IMG_6673-150x150.jpeg 150w, https:\/\/cowork.uniag.sk\/startup\/wp-content\/uploads\/sites\/8\/2023\/07\/IMG_6673-600x600.jpeg 600w\" sizes=\"(max-width: 150px) 100vw, 150px\" \/><\/a>\n\t\t\t<\/div><\/figure><figure class='gallery-item'>\n\t\t\t<div class='gallery-icon landscape'>\n\t\t\t\t<a data-elementor-open-lightbox=\"yes\" data-elementor-lightbox-slideshow=\"e349f9f\" data-elementor-lightbox-title=\"IMG_6676\" data-e-action-hash=\"#elementor-action%3Aaction%3Dlightbox%26settings%3DeyJpZCI6MTgzLCJ1cmwiOiJodHRwczpcL1wvY293b3JrLnVuaWFnLnNrXC9zdGFydHVwXC93cC1jb250ZW50XC91cGxvYWRzXC9zaXRlc1wvOFwvMjAyM1wvMDdcL0lNR182Njc2LmpwZWciLCJzbGlkZXNob3ciOiJlMzQ5ZjlmIn0%3D\" href='https:\/\/cowork.uniag.sk\/startup\/wp-content\/uploads\/sites\/8\/2023\/07\/IMG_6676.jpeg'><img width=\"150\" height=\"150\" src=\"https:\/\/cowork.uniag.sk\/startup\/wp-content\/uploads\/sites\/8\/2023\/07\/IMG_6676-150x150.jpeg\" class=\"attachment-thumbnail size-thumbnail\" alt=\"\" decoding=\"async\" loading=\"lazy\" srcset=\"https:\/\/cowork.uniag.sk\/startup\/wp-content\/uploads\/sites\/8\/2023\/07\/IMG_6676-150x150.jpeg 150w, https:\/\/cowork.uniag.sk\/startup\/wp-content\/uploads\/sites\/8\/2023\/07\/IMG_6676-600x600.jpeg 600w\" sizes=\"(max-width: 150px) 100vw, 150px\" \/><\/a>\n\t\t\t<\/div><\/figure><figure class='gallery-item'>\n\t\t\t<div class='gallery-icon portrait'>\n\t\t\t\t<a data-elementor-open-lightbox=\"yes\" data-elementor-lightbox-slideshow=\"e349f9f\" data-elementor-lightbox-title=\"IMG_6682\" data-e-action-hash=\"#elementor-action%3Aaction%3Dlightbox%26settings%3DeyJpZCI6MTg0LCJ1cmwiOiJodHRwczpcL1wvY293b3JrLnVuaWFnLnNrXC9zdGFydHVwXC93cC1jb250ZW50XC91cGxvYWRzXC9zaXRlc1wvOFwvMjAyM1wvMDdcL0lNR182NjgyLmpwZWciLCJzbGlkZXNob3ciOiJlMzQ5ZjlmIn0%3D\" href='https:\/\/cowork.uniag.sk\/startup\/wp-content\/uploads\/sites\/8\/2023\/07\/IMG_6682.jpeg'><img width=\"150\" height=\"150\" src=\"https:\/\/cowork.uniag.sk\/startup\/wp-content\/uploads\/sites\/8\/2023\/07\/IMG_6682-150x150.jpeg\" class=\"attachment-thumbnail size-thumbnail\" alt=\"\" decoding=\"async\" loading=\"lazy\" srcset=\"https:\/\/cowork.uniag.sk\/startup\/wp-content\/uploads\/sites\/8\/2023\/07\/IMG_6682-150x150.jpeg 150w, https:\/\/cowork.uniag.sk\/startup\/wp-content\/uploads\/sites\/8\/2023\/07\/IMG_6682-600x600.jpeg 600w\" sizes=\"(max-width: 150px) 100vw, 150px\" \/><\/a>\n\t\t\t<\/div><\/figure><figure class='gallery-item'>\n\t\t\t<div class='gallery-icon landscape'>\n\t\t\t\t<a data-elementor-open-lightbox=\"yes\" data-elementor-lightbox-slideshow=\"e349f9f\" data-elementor-lightbox-title=\"ll1\" data-e-action-hash=\"#elementor-action%3Aaction%3Dlightbox%26settings%3DeyJpZCI6MTg1LCJ1cmwiOiJodHRwczpcL1wvY293b3JrLnVuaWFnLnNrXC9zdGFydHVwXC93cC1jb250ZW50XC91cGxvYWRzXC9zaXRlc1wvOFwvMjAyM1wvMDdcL2xsMS5wbmciLCJzbGlkZXNob3ciOiJlMzQ5ZjlmIn0%3D\" href='https:\/\/cowork.uniag.sk\/startup\/wp-content\/uploads\/sites\/8\/2023\/07\/ll1.png'><img width=\"150\" height=\"150\" src=\"https:\/\/cowork.uniag.sk\/startup\/wp-content\/uploads\/sites\/8\/2023\/07\/ll1-150x150.png\" class=\"attachment-thumbnail size-thumbnail\" alt=\"\" decoding=\"async\" loading=\"lazy\" srcset=\"https:\/\/cowork.uniag.sk\/startup\/wp-content\/uploads\/sites\/8\/2023\/07\/ll1-150x150.png 150w, https:\/\/cowork.uniag.sk\/startup\/wp-content\/uploads\/sites\/8\/2023\/07\/ll1-600x600.png 600w\" sizes=\"(max-width: 150px) 100vw, 150px\" \/><\/a>\n\t\t\t<\/div><\/figure><figure class='gallery-item'>\n\t\t\t<div class='gallery-icon landscape'>\n\t\t\t\t<a data-elementor-open-lightbox=\"yes\" data-elementor-lightbox-slideshow=\"e349f9f\" data-elementor-lightbox-title=\"ll2\" data-e-action-hash=\"#elementor-action%3Aaction%3Dlightbox%26settings%3DeyJpZCI6MTg2LCJ1cmwiOiJodHRwczpcL1wvY293b3JrLnVuaWFnLnNrXC9zdGFydHVwXC93cC1jb250ZW50XC91cGxvYWRzXC9zaXRlc1wvOFwvMjAyM1wvMDdcL2xsMi5wbmciLCJzbGlkZXNob3ciOiJlMzQ5ZjlmIn0%3D\" href='https:\/\/cowork.uniag.sk\/startup\/wp-content\/uploads\/sites\/8\/2023\/07\/ll2.png'><img width=\"150\" height=\"150\" src=\"https:\/\/cowork.uniag.sk\/startup\/wp-content\/uploads\/sites\/8\/2023\/07\/ll2-150x150.png\" class=\"attachment-thumbnail size-thumbnail\" alt=\"\" decoding=\"async\" loading=\"lazy\" srcset=\"https:\/\/cowork.uniag.sk\/startup\/wp-content\/uploads\/sites\/8\/2023\/07\/ll2-150x150.png 150w, https:\/\/cowork.uniag.sk\/startup\/wp-content\/uploads\/sites\/8\/2023\/07\/ll2-600x600.png 600w\" sizes=\"(max-width: 150px) 100vw, 150px\" \/><\/a>\n\t\t\t<\/div><\/figure>\n\t\t<\/div>\n\t\t<\/div>\n\t\t\t\t<\/div>\n\t\t\t\t<\/div>\n\t\t\t\t\t<\/div>\n\t\t<\/div>\n\t\t\t\t\t\t\t<\/div>\n\t\t<\/section>\n\t\t\t\t\t\t\t<\/div>\n\t\t","protected":false},"excerpt":{"rendered":"<p>V Coworkingovom centre SPU v Nitre sa 31. j\u00fala uskuto\u010dnila prezent\u00e1cia troch podnikate\u013esk\u00fdch n\u00e1padov, ktor\u00e9 vznikli ako v\u00fdstup Virtu\u00e1lneho Living Lab-u v r\u00e1mci projektu Podpora aktv\u00edt konceptu Zelenej univerzity SPU v Nitre a post\u00fapili do II.kola s\u00fa\u0165a\u017ee. Odborn\u00e1 porota, pod veden\u00edm garantky predmetu Obchodn\u00e9 podnikanie doc. Ingrid Ko\u0161i\u010diarovej, PhD., rozhodla o nasledovnom v\u00fdslednom porad\u00ed \u00fa\u010dastn\u00edkov: [&hellip;]<\/p>\n","protected":false},"author":4,"featured_media":0,"parent":0,"menu_order":0,"comment_status":"closed","ping_status":"closed","template":"","meta":{"_ti_tpc_template_sync":false,"_ti_tpc_template_id":""},"acf":[],"_links":{"self":[{"href":"https:\/\/cowork.uniag.sk\/startup\/wp-json\/wp\/v2\/pages\/177"}],"collection":[{"href":"https:\/\/cowork.uniag.sk\/startup\/wp-json\/wp\/v2\/pages"}],"about":[{"href":"https:\/\/cowork.uniag.sk\/startup\/wp-json\/wp\/v2\/types\/page"}],"author":[{"embeddable":true,"href":"https:\/\/cowork.uniag.sk\/startup\/wp-json\/wp\/v2\/users\/4"}],"replies":[{"embeddable":true,"href":"https:\/\/cowork.uniag.sk\/startup\/wp-json\/wp\/v2\/comments?post=177"}],"version-history":[{"count":4,"href":"https:\/\/cowork.uniag.sk\/startup\/wp-json\/wp\/v2\/pages\/177\/revisions"}],"predecessor-version":[{"id":189,"href":"https:\/\/cowork.uniag.sk\/startup\/wp-json\/wp\/v2\/pages\/177\/revisions\/189"}],"wp:attachment":[{"href":"https:\/\/cowork.uniag.sk\/startup\/wp-json\/wp\/v2\/media?parent=177"}],"curies":[{"name":"wp","href":"https:\/\/api.w.org\/{rel}","templated":true}]}}