{"id":30,"date":"2023-05-24T13:16:56","date_gmt":"2023-05-24T11:16:56","guid":{"rendered":"https:\/\/cowork.uniag.sk\/startup\/?page_id=30"},"modified":"2023-07-03T18:26:45","modified_gmt":"2023-07-03T16:26:45","slug":"informacie","status":"publish","type":"page","link":"https:\/\/cowork.uniag.sk\/startup\/informacie\/","title":{"rendered":"Inform\u00e1cie"},"content":{"rendered":"\t\t<div data-elementor-type=\"wp-page\" data-elementor-id=\"30\" class=\"elementor elementor-30\">\n\t\t\t\t\t\t\t\t\t<section class=\"elementor-section elementor-top-section elementor-element elementor-element-943c132 elementor-section-boxed elementor-section-height-default elementor-section-height-default\" data-id=\"943c132\" data-element_type=\"section\">\n\t\t\t\t\t\t<div class=\"elementor-container elementor-column-gap-default\">\n\t\t\t\t\t<div class=\"elementor-column elementor-col-100 elementor-top-column elementor-element elementor-element-1b69d27\" data-id=\"1b69d27\" data-element_type=\"column\">\n\t\t\t<div class=\"elementor-widget-wrap elementor-element-populated\">\n\t\t\t\t\t\t\t\t<div class=\"elementor-element elementor-element-6244184 elementor-widget elementor-widget-alert\" data-id=\"6244184\" data-element_type=\"widget\" data-widget_type=\"alert.default\">\n\t\t\t\t<div class=\"elementor-widget-container\">\n\t\t\t<style>\/*! elementor - v3.12.2 - 23-04-2023 *\/\n.elementor-alert{padding:15px;border-left:5px solid transparent;position:relative;text-align:left}.elementor-alert .elementor-alert-title{display:block;font-weight:700}.elementor-alert .elementor-alert-description{font-size:13px}.elementor-alert button.elementor-alert-dismiss{position:absolute;right:var(--dismiss-icon-horizontal-position,10px);top:var(--dismiss-icon-vertical-position,10px);padding:3px;font-size:var(--dismiss-icon-size,20px);line-height:1;background:transparent;color:var(--dismiss-icon-normal-color,inherit);border:none;cursor:pointer;transition-duration:var(--dismiss-icon-hover-transition-duration,.3s)}.elementor-alert button.elementor-alert-dismiss:hover{color:var(--dismiss-icon-hover-color,inherit)}.elementor-alert button.elementor-alert-dismiss svg{width:var(--dismiss-icon-size,20px);height:var(--dismiss-icon-size,20px);fill:var(--dismiss-icon-normal-color,currentColor);transition-duration:var(--dismiss-icon-hover-transition-duration,.3s)}.elementor-alert button.elementor-alert-dismiss svg:hover{fill:var(--dismiss-icon-hover-color,currentColor)}.elementor-alert.elementor-alert-info{color:#31708f;background-color:#d9edf7;border-color:#bcdff1}.elementor-alert.elementor-alert-success{color:#3c763d;background-color:#dff0d8;border-color:#cae6be}.elementor-alert.elementor-alert-warning{color:#8a6d3b;background-color:#fcf8e3;border-color:#f9f0c3}.elementor-alert.elementor-alert-danger{color:#a94442;background-color:#f2dede;border-color:#e8c4c4}@media (max-width:767px){.elementor-alert{padding:10px}.elementor-alert button.elementor-alert-dismiss{right:7px;top:7px}}<\/style>\t\t<div class=\"elementor-alert elementor-alert-success\" role=\"alert\">\n\t\t\t<span class=\"elementor-alert-title\">Prihlasovanie pred\u013a\u017een\u00e9!<\/span>\n\t\t\t\t\t\t\t<span class=\"elementor-alert-description\">Prihlasovanie pred\u013a\u017een\u00e9 do 10.7.2023<\/span>\n\t\t\t\t\t\t\t\t\t\t<button type=\"button\" class=\"elementor-alert-dismiss\">\n\t\t\t\t\t\t\t\t\t\t\t<span aria-hidden=\"true\">&times;<\/span>\n\t\t\t\t\t\t\t\t\t\t<span class=\"elementor-screen-only\">Dismiss this alert.<\/span>\n\t\t\t\t<\/button>\n\t\t\t\t\t<\/div>\n\t\t\t\t<\/div>\n\t\t\t\t<\/div>\n\t\t\t\t<div class=\"elementor-element elementor-element-ae8a831 elementor-widget elementor-widget-accordion\" data-id=\"ae8a831\" data-element_type=\"widget\" data-widget_type=\"accordion.default\">\n\t\t\t\t<div class=\"elementor-widget-container\">\n\t\t\t<style>\/*! elementor - v3.12.2 - 23-04-2023 *\/\n.elementor-accordion{text-align:left}.elementor-accordion .elementor-accordion-item{border:1px solid #d5d8dc}.elementor-accordion .elementor-accordion-item+.elementor-accordion-item{border-top:none}.elementor-accordion .elementor-tab-title{margin:0;padding:15px 20px;font-weight:700;line-height:1;cursor:pointer;outline:none}.elementor-accordion .elementor-tab-title .elementor-accordion-icon{display:inline-block;width:1.5em}.elementor-accordion .elementor-tab-title .elementor-accordion-icon svg{width:1em;height:1em}.elementor-accordion .elementor-tab-title .elementor-accordion-icon.elementor-accordion-icon-right{float:right;text-align:right}.elementor-accordion .elementor-tab-title .elementor-accordion-icon.elementor-accordion-icon-left{float:left;text-align:left}.elementor-accordion .elementor-tab-title .elementor-accordion-icon .elementor-accordion-icon-closed{display:block}.elementor-accordion .elementor-tab-title .elementor-accordion-icon .elementor-accordion-icon-opened,.elementor-accordion .elementor-tab-title.elementor-active .elementor-accordion-icon-closed{display:none}.elementor-accordion .elementor-tab-title.elementor-active .elementor-accordion-icon-opened{display:block}.elementor-accordion .elementor-tab-content{display:none;padding:15px 20px;border-top:1px solid #d5d8dc}@media (max-width:767px){.elementor-accordion .elementor-tab-title{padding:12px 15px}.elementor-accordion .elementor-tab-title .elementor-accordion-icon{width:1.2em}.elementor-accordion .elementor-tab-content{padding:7px 15px}}.e-con-inner>.elementor-widget-accordion,.e-con>.elementor-widget-accordion{width:var(--container-widget-width);--flex-grow:var(--container-widget-flex-grow)}<\/style>\t\t<div class=\"elementor-accordion\" role=\"tablist\">\n\t\t\t\t\t\t\t<div class=\"elementor-accordion-item\">\n\t\t\t\t\t<div id=\"elementor-tab-title-1831\" class=\"elementor-tab-title\" data-tab=\"1\" role=\"tab\" aria-controls=\"elementor-tab-content-1831\" aria-expanded=\"false\">\n\t\t\t\t\t\t\t\t\t\t\t\t\t<span class=\"elementor-accordion-icon elementor-accordion-icon-left\" aria-hidden=\"true\">\n\t\t\t\t\t\t\t\t\t\t\t\t\t\t\t<span class=\"elementor-accordion-icon-closed\"><i class=\"fas fa-plus\"><\/i><\/span>\n\t\t\t\t\t\t\t\t<span class=\"elementor-accordion-icon-opened\"><i class=\"fas fa-minus\"><\/i><\/span>\n\t\t\t\t\t\t\t\t\t\t\t\t\t\t<\/span>\n\t\t\t\t\t\t\t\t\t\t\t\t<a class=\"elementor-accordion-title\" href=\"\">Cie\u013e s\u00fa\u0165a\u017ee<\/a>\n\t\t\t\t\t<\/div>\n\t\t\t\t\t<div id=\"elementor-tab-content-1831\" class=\"elementor-tab-content elementor-clearfix\" data-tab=\"1\" role=\"tabpanel\" aria-labelledby=\"elementor-tab-title-1831\"><p>Cie\u013eom s\u00fa\u0165a\u017ee je podpori\u0165 tvorbu \u0161tudentsk\u00fdch star-upov, rozv\u00edjanie \u00a0podnikate\u013esk\u00fdch n\u00e1padov \u0161tudentov a\u00a0ich transform\u00e1ciu do konkr\u00e9tnych podnikate\u013esk\u00fdch pl\u00e1nov v kontexte rozvoja zelen\u00e9ho hospod\u00e1rstva.<\/p><\/div>\n\t\t\t\t<\/div>\n\t\t\t\t\t\t\t<div class=\"elementor-accordion-item\">\n\t\t\t\t\t<div id=\"elementor-tab-title-1832\" class=\"elementor-tab-title\" data-tab=\"2\" role=\"tab\" aria-controls=\"elementor-tab-content-1832\" aria-expanded=\"false\">\n\t\t\t\t\t\t\t\t\t\t\t\t\t<span class=\"elementor-accordion-icon elementor-accordion-icon-left\" aria-hidden=\"true\">\n\t\t\t\t\t\t\t\t\t\t\t\t\t\t\t<span class=\"elementor-accordion-icon-closed\"><i class=\"fas fa-plus\"><\/i><\/span>\n\t\t\t\t\t\t\t\t<span class=\"elementor-accordion-icon-opened\"><i class=\"fas fa-minus\"><\/i><\/span>\n\t\t\t\t\t\t\t\t\t\t\t\t\t\t<\/span>\n\t\t\t\t\t\t\t\t\t\t\t\t<a class=\"elementor-accordion-title\" href=\"\">Opr\u00e1vnenos\u0165 \u00fa\u010dastn\u00edka<\/a>\n\t\t\t\t\t<\/div>\n\t\t\t\t\t<div id=\"elementor-tab-content-1832\" class=\"elementor-tab-content elementor-clearfix\" data-tab=\"2\" role=\"tabpanel\" aria-labelledby=\"elementor-tab-title-1832\"><p>Do s\u00fa\u0165a\u017ee sa m\u00f4\u017eu zapoji\u0165 maxim\u00e1lne \u0161tvor\u010dlenn\u00e9 t\u00edmy zlo\u017een\u00e9 so \u0161tudentov stredn\u00fdch i vysok\u00fdch \u0161k\u00f4l, ktor\u00fdch l\u00eddrom bude \u0161tudent SPU v\u00a0Nitre, s inovat\u00edvnymi podnikate\u013esk\u00fdmi n\u00e1padmi \u010di z\u00e1mermi, pri\u010dom jeden t\u00edm m\u00f4\u017ee poda\u0165 do s\u00fa\u0165a\u017ee najviac jednu prihl\u00e1\u0161ku.<\/p><\/div>\n\t\t\t\t<\/div>\n\t\t\t\t\t\t\t<div class=\"elementor-accordion-item\">\n\t\t\t\t\t<div id=\"elementor-tab-title-1833\" class=\"elementor-tab-title\" data-tab=\"3\" role=\"tab\" aria-controls=\"elementor-tab-content-1833\" aria-expanded=\"false\">\n\t\t\t\t\t\t\t\t\t\t\t\t\t<span class=\"elementor-accordion-icon elementor-accordion-icon-left\" aria-hidden=\"true\">\n\t\t\t\t\t\t\t\t\t\t\t\t\t\t\t<span class=\"elementor-accordion-icon-closed\"><i class=\"fas fa-plus\"><\/i><\/span>\n\t\t\t\t\t\t\t\t<span class=\"elementor-accordion-icon-opened\"><i class=\"fas fa-minus\"><\/i><\/span>\n\t\t\t\t\t\t\t\t\t\t\t\t\t\t<\/span>\n\t\t\t\t\t\t\t\t\t\t\t\t<a class=\"elementor-accordion-title\" href=\"\">Prihlasovanie<\/a>\n\t\t\t\t\t<\/div>\n\t\t\t\t\t<div id=\"elementor-tab-content-1833\" class=\"elementor-tab-content elementor-clearfix\" data-tab=\"3\" role=\"tabpanel\" aria-labelledby=\"elementor-tab-title-1833\"><p>Prihl\u00e1\u0161ky sa bud\u00fa pod\u00e1va\u0165 v\u00fdlu\u010dne elektronicky prostredn\u00edctvom registra\u010dn\u00e9ho formul\u00e1ru online. Online formul\u00e1r je dostupn\u00fd v sekcii &#8222;Registr\u00e1cia&#8220;, \u00a0kde okrem z\u00e1kladn\u00fdch \u00fadajov z\u00e1ujemca pripoj\u00ed zhrnutie svojho podnikate\u013esk\u00e9ho n\u00e1padu (vo forme executive summary) v\u00a0rozsahu maxim\u00e1lne jednej normostrany. <strong>Nevyhnutnou po\u017eiadavkou na podnikate\u013esk\u00e9 n\u00e1pady je ich pozit\u00edvny environment\u00e1lny resp. soci\u00e1lny pr\u00ednos.<\/strong><\/p><p>Prihlasovanie bude otvoren\u00e9 od zverejnenia tejto v\u00fdzvy do 10<strong>.7.2023 do 12:00<\/strong>.<\/p><\/div>\n\t\t\t\t<\/div>\n\t\t\t\t\t\t\t<div class=\"elementor-accordion-item\">\n\t\t\t\t\t<div id=\"elementor-tab-title-1834\" class=\"elementor-tab-title\" data-tab=\"4\" role=\"tab\" aria-controls=\"elementor-tab-content-1834\" aria-expanded=\"false\">\n\t\t\t\t\t\t\t\t\t\t\t\t\t<span class=\"elementor-accordion-icon elementor-accordion-icon-left\" aria-hidden=\"true\">\n\t\t\t\t\t\t\t\t\t\t\t\t\t\t\t<span class=\"elementor-accordion-icon-closed\"><i class=\"fas fa-plus\"><\/i><\/span>\n\t\t\t\t\t\t\t\t<span class=\"elementor-accordion-icon-opened\"><i class=\"fas fa-minus\"><\/i><\/span>\n\t\t\t\t\t\t\t\t\t\t\t\t\t\t<\/span>\n\t\t\t\t\t\t\t\t\t\t\t\t<a class=\"elementor-accordion-title\" href=\"\">Vyhodnotenie<\/a>\n\t\t\t\t\t<\/div>\n\t\t\t\t\t<div id=\"elementor-tab-content-1834\" class=\"elementor-tab-content elementor-clearfix\" data-tab=\"4\" role=\"tabpanel\" aria-labelledby=\"elementor-tab-title-1834\"><p>V\u00a0prvom kole odborn\u00e1 komisia vymenovan\u00e1 vyhlasovate\u013eom s\u00fa\u0165a\u017ee vyberie najviac 5 najlep\u0161\u00edch podnikate\u013esk\u00fdch n\u00e1padov, ktor\u00e9 post\u00fapia do u\u017e\u0161ieho v\u00fdberu. Tieto t\u00edmy n\u00e1sledne absolvuj\u00fa virtu\u00e1lne workshopy v\u00a0term\u00edne 17.-19.7.2023 a\u00a0individu\u00e1lne konzult\u00e1cie (20.-21.2023), ktor\u00fdch v\u00fdstupom bude vypracovan\u00fd podnikate\u013esk\u00fd pl\u00e1n v\u00a0\u0161trukt\u00fare, ktor\u00e1 je uverejnen\u00e1 na webovej str\u00e1nke <a href=\"https:\/\/cowork.uniag.sk\/startup\">https:\/\/cowork.uniag.sk\/startup<\/a> v\u00a0sekcii \u201eInform\u00e1cie\u201c.<\/p><p>Pri hodnoten\u00ed bud\u00fa zoh\u013eadnen\u00e9 najm\u00e4 nasledovn\u00e9 ukazovatele:<\/p><ul><li>Inovat\u00edvnos\u0165<\/li><li>Realizovate\u013enos\u0165<\/li><li>Environment\u00e1lny a\u00a0soci\u00e1lny pr\u00ednos<\/li><\/ul><p>Ka\u017ed\u00e1 \u010das\u0165 m\u00f4\u017ee z\u00edska\u0165 maxim\u00e1lne 5 bodov, t. j. spolu za projekt mo\u017eno z\u00edska\u0165 od ka\u017ed\u00e9ho hodnotite\u013ea maxim\u00e1lne 15 bodov.<\/p><p>V\u00fdsledky hodnotenia bud\u00fa zverejnen\u00e9 na webovej str\u00e1nke s\u00fa\u0165a\u017ee www.cowork.uniag.sk\/startup.<\/p><p>V\u00a0z\u00e1vere\u010dnej f\u00e1ze (31.7.2023) sa uskuto\u010dnia prezent\u00e1cie uveden\u00fdch piatich projektov, ktor\u00e9 bud\u00fa hodnoten\u00e9 odbornou porotou a\u00a0bude udelen\u00e9 1.-3. miesto. Nevyhnutnou podmienkou na postup do z\u00e1vere\u010dnej f\u00e1zy je akt\u00edvna \u00fa\u010das\u0165 na workshopoch a\u00a0odovzdanie v\u00fdstupov z\u00a0nich najnesk\u00f4r do 26.7.2023.<\/p><\/div>\n\t\t\t\t<\/div>\n\t\t\t\t\t\t\t<div class=\"elementor-accordion-item\">\n\t\t\t\t\t<div id=\"elementor-tab-title-1835\" class=\"elementor-tab-title\" data-tab=\"5\" role=\"tab\" aria-controls=\"elementor-tab-content-1835\" aria-expanded=\"false\">\n\t\t\t\t\t\t\t\t\t\t\t\t\t<span class=\"elementor-accordion-icon elementor-accordion-icon-left\" aria-hidden=\"true\">\n\t\t\t\t\t\t\t\t\t\t\t\t\t\t\t<span class=\"elementor-accordion-icon-closed\"><i class=\"fas fa-plus\"><\/i><\/span>\n\t\t\t\t\t\t\t\t<span class=\"elementor-accordion-icon-opened\"><i class=\"fas fa-minus\"><\/i><\/span>\n\t\t\t\t\t\t\t\t\t\t\t\t\t\t<\/span>\n\t\t\t\t\t\t\t\t\t\t\t\t<a class=\"elementor-accordion-title\" href=\"\">V\u00fdhra<\/a>\n\t\t\t\t\t<\/div>\n\t\t\t\t\t<div id=\"elementor-tab-content-1835\" class=\"elementor-tab-content elementor-clearfix\" data-tab=\"5\" role=\"tabpanel\" aria-labelledby=\"elementor-tab-title-1835\"><p>\u010clenovia 3 najlep\u0161\u00edch t\u00edmov bud\u00fa ocenen\u00ed finan\u010dnou odmenou.\u00a0 V\u00fdhry je mo\u017en\u00e9 vyplati\u0165 v\u00fdlu\u010dne fyzick\u00fdm osob\u00e1m.<\/p><\/div>\n\t\t\t\t<\/div>\n\t\t\t\t\t\t\t<div class=\"elementor-accordion-item\">\n\t\t\t\t\t<div id=\"elementor-tab-title-1836\" class=\"elementor-tab-title\" data-tab=\"6\" role=\"tab\" aria-controls=\"elementor-tab-content-1836\" aria-expanded=\"false\">\n\t\t\t\t\t\t\t\t\t\t\t\t\t<span class=\"elementor-accordion-icon elementor-accordion-icon-left\" aria-hidden=\"true\">\n\t\t\t\t\t\t\t\t\t\t\t\t\t\t\t<span class=\"elementor-accordion-icon-closed\"><i class=\"fas fa-plus\"><\/i><\/span>\n\t\t\t\t\t\t\t\t<span class=\"elementor-accordion-icon-opened\"><i class=\"fas fa-minus\"><\/i><\/span>\n\t\t\t\t\t\t\t\t\t\t\t\t\t\t<\/span>\n\t\t\t\t\t\t\t\t\t\t\t\t<a class=\"elementor-accordion-title\" href=\"\">Kontakt<\/a>\n\t\t\t\t\t<\/div>\n\t\t\t\t\t<div id=\"elementor-tab-content-1836\" class=\"elementor-tab-content elementor-clearfix\" data-tab=\"6\" role=\"tabpanel\" aria-labelledby=\"elementor-tab-title-1836\"><p>V pr\u00edpade ak\u00fdchko\u013evek ot\u00e1zok n\u00e1s kontaktujte prostredn\u00edctvom e-mailovej adresy: filip.tkac@uniag.sk<\/p><\/div>\n\t\t\t\t<\/div>\n\t\t\t\t\t\t\t\t<\/div>\n\t\t\t\t<\/div>\n\t\t\t\t<\/div>\n\t\t\t\t<div class=\"elementor-element elementor-element-b77dc7b elementor-widget elementor-widget-text-editor\" data-id=\"b77dc7b\" data-element_type=\"widget\" data-widget_type=\"text-editor.default\">\n\t\t\t\t<div class=\"elementor-widget-container\">\n\t\t\t<style>\/*! elementor - v3.12.2 - 23-04-2023 *\/\n.elementor-widget-text-editor.elementor-drop-cap-view-stacked .elementor-drop-cap{background-color:#69727d;color:#fff}.elementor-widget-text-editor.elementor-drop-cap-view-framed .elementor-drop-cap{color:#69727d;border:3px solid;background-color:transparent}.elementor-widget-text-editor:not(.elementor-drop-cap-view-default) .elementor-drop-cap{margin-top:8px}.elementor-widget-text-editor:not(.elementor-drop-cap-view-default) .elementor-drop-cap-letter{width:1em;height:1em}.elementor-widget-text-editor .elementor-drop-cap{float:left;text-align:center;line-height:1;font-size:50px}.elementor-widget-text-editor .elementor-drop-cap-letter{display:inline-block}<\/style>\t\t\t\t<p><a href=\"https:\/\/cowork.uniag.sk\/startup\/wp-content\/uploads\/sites\/8\/2023\/05\/sutaz_startup_cowork.pdf\"><u>Pln\u00e9 znenie v\u00fdzvy na stiahnutie<\/u><\/a><\/p>\t\t\t\t\t\t<\/div>\n\t\t\t\t<\/div>\n\t\t\t\t\t<\/div>\n\t\t<\/div>\n\t\t\t\t\t\t\t<\/div>\n\t\t<\/section>\n\t\t\t\t\t\t\t<\/div>\n\t\t","protected":false},"excerpt":{"rendered":"<p>Prihlasovanie pred\u013a\u017een\u00e9! Prihlasovanie pred\u013a\u017een\u00e9 do 10.7.2023 &times; Dismiss this alert. Cie\u013e s\u00fa\u0165a\u017ee Cie\u013eom s\u00fa\u0165a\u017ee je podpori\u0165 tvorbu \u0161tudentsk\u00fdch star-upov, rozv\u00edjanie \u00a0podnikate\u013esk\u00fdch n\u00e1padov \u0161tudentov a\u00a0ich transform\u00e1ciu do konkr\u00e9tnych podnikate\u013esk\u00fdch pl\u00e1nov v kontexte rozvoja zelen\u00e9ho hospod\u00e1rstva. Opr\u00e1vnenos\u0165 \u00fa\u010dastn\u00edka Do s\u00fa\u0165a\u017ee sa m\u00f4\u017eu zapoji\u0165 maxim\u00e1lne \u0161tvor\u010dlenn\u00e9 t\u00edmy zlo\u017een\u00e9 so \u0161tudentov stredn\u00fdch i vysok\u00fdch \u0161k\u00f4l, ktor\u00fdch l\u00eddrom bude \u0161tudent [&hellip;]<\/p>\n","protected":false},"author":4,"featured_media":0,"parent":0,"menu_order":0,"comment_status":"closed","ping_status":"closed","template":"","meta":{"_ti_tpc_template_sync":false,"_ti_tpc_template_id":""},"acf":[],"_links":{"self":[{"href":"https:\/\/cowork.uniag.sk\/startup\/wp-json\/wp\/v2\/pages\/30"}],"collection":[{"href":"https:\/\/cowork.uniag.sk\/startup\/wp-json\/wp\/v2\/pages"}],"about":[{"href":"https:\/\/cowork.uniag.sk\/startup\/wp-json\/wp\/v2\/types\/page"}],"author":[{"embeddable":true,"href":"https:\/\/cowork.uniag.sk\/startup\/wp-json\/wp\/v2\/users\/4"}],"replies":[{"embeddable":true,"href":"https:\/\/cowork.uniag.sk\/startup\/wp-json\/wp\/v2\/comments?post=30"}],"version-history":[{"count":23,"href":"https:\/\/cowork.uniag.sk\/startup\/wp-json\/wp\/v2\/pages\/30\/revisions"}],"predecessor-version":[{"id":86,"href":"https:\/\/cowork.uniag.sk\/startup\/wp-json\/wp\/v2\/pages\/30\/revisions\/86"}],"wp:attachment":[{"href":"https:\/\/cowork.uniag.sk\/startup\/wp-json\/wp\/v2\/media?parent=30"}],"curies":[{"name":"wp","href":"https:\/\/api.w.org\/{rel}","templated":true}]}}