{"id":61,"date":"2023-05-25T12:29:51","date_gmt":"2023-05-25T10:29:51","guid":{"rendered":"https:\/\/cowork.uniag.sk\/startup\/?page_id=61"},"modified":"2023-07-16T18:24:03","modified_gmt":"2023-07-16T16:24:03","slug":"workshopy","status":"publish","type":"page","link":"https:\/\/cowork.uniag.sk\/startup\/workshopy\/","title":{"rendered":"Workshopy"},"content":{"rendered":"\t\t<div data-elementor-type=\"wp-page\" data-elementor-id=\"61\" class=\"elementor elementor-61\">\n\t\t\t\t\t\t\t\t\t<section class=\"elementor-section elementor-top-section elementor-element elementor-element-ebaa870 elementor-section-boxed elementor-section-height-default elementor-section-height-default\" data-id=\"ebaa870\" data-element_type=\"section\">\n\t\t\t\t\t\t<div class=\"elementor-container elementor-column-gap-default\">\n\t\t\t\t\t<div class=\"elementor-column elementor-col-33 elementor-top-column elementor-element elementor-element-8db5a1f\" data-id=\"8db5a1f\" data-element_type=\"column\">\n\t\t\t<div class=\"elementor-widget-wrap elementor-element-populated\">\n\t\t\t\t\t\t\t\t<div class=\"elementor-element elementor-element-9e9d886 elementor-widget elementor-widget-ucaddon_flip_box\" data-id=\"9e9d886\" data-element_type=\"widget\" data-widget_type=\"ucaddon_flip_box.default\">\n\t\t\t\t<div class=\"elementor-widget-container\">\n\t\t\t<!-- start Flip Box -->\n\t\t<link id='font-awesome-css' href='https:\/\/cowork.uniag.sk\/startup\/wp-content\/plugins\/unlimited-elements-for-elementor\/assets_libraries\/font-awesome5\/css\/fontawesome-all.min.css' type='text\/css' rel='stylesheet' >\n\t\t<link id='font-awesome-4-shim-css' href='https:\/\/cowork.uniag.sk\/startup\/wp-content\/plugins\/unlimited-elements-for-elementor\/assets_libraries\/font-awesome5\/css\/fontawesome-v4-shims.css' type='text\/css' rel='stylesheet' >\n\t\t<link id='uc_ac_assets_file_ue_flipbox_styles_css_12353-css' href='https:\/\/cowork.uniag.sk\/startup\/wp-content\/uploads\/sites\/8\/ac_assets\/uc_flip_box_base\/animations\/ue-flipbox-styles.css' type='text\/css' rel='stylesheet' >\n\n\t\t\t<style type=\"text\/css\">\/* widget: Flip Box *\/\n\n\/* elementor container support *\/\n.e-con-inner>.elementor-widget-ucaddon_flip_box, .e-con>.elementor-widget-ucaddon_flip_box {\n    width: var(--container-widget-width);\n    --flex-grow: var(--container-widget-flex-grow);\n}\n\n#uc_flip_box_elementor14736 .ue-flip-box__panel.ue-flip-box__panel--front,\n#uc_flip_box_elementor14736 .ue-flip-box__panel.ue-flip-box__panel--back {\n    backface-visibility: hidden;\n    -webkit-backface-visibility: hidden; \n}\n\n\n#uc_flip_box_elementor14736 .ue-flip-box__panel--back .ue_btn{\n\tdisplay: inline-block;\n}\n \n\n\t\n\n\n\n\n\n#uc_flip_box_elementor14736 .ue-flip-box__panel--front-overlay, #uc_flip_box_elementor14736 .ue-flip-box__panel--back-overlay\n{\n  position:absolute;\n  top:0;\n  bottom:0;\n  right:0;\n  left:0;\n  z-index:-1;\n}\n\n<\/style>\n\n\t\t\t<div id=\"uc_flip_box_elementor14736\" class=\"ue-flip-box\" data-id=\"uc_flip_box_elementor14736\" data-closeonbody='false'>\n  \n      <div class=\"ue-flip-box__container uc-hide ue-flip_left ue-flip-box__container--hover\" tabindex=\"0\">\n      \n    <div class=\"ue-flip-box__panel ue-flip-box__panel--front\">\n      <div class=\"ue-flip-box__panel--front-overlay\"><\/div>\n            <div class=\"ue-flip-box__panel__wrapper\">\n        <div class=\"ue-flip-box__panel__content\">\n            <div class=\"ue-flip-box__panel__element ue-flip-box__icon\"><i class='fas fa-thumbs-up'><\/i><\/div>            <div class=\"ue-flip-box__panel__element ue-flip-box__title\">marketing<\/div>            <div class=\"ue-flip-box__panel__element ue-flip-box__description\"><p>17.7.2023<\/p><\/div>        <\/div>\n      <\/div>\n    <\/div>\n    \n\n      \n    <div class=\"ue-flip-box__panel ue-flip-box__panel--back\">\n      <div class=\"ue-flip-box__panel--back-overlay\"><\/div>\n            <div class=\"ue-flip-box__panel__wrapper\">\n        <div class=\"ue-flip-box__panel__content\">\n\n                    <div class=\"ue-flip-box__panel__element ue-flip-box__title\"><\/div>          <div class=\"ue-flip-box__panel__element ue-flip-box__description\"><p>Marketingov\u00e1 komunik\u00e1cia za\u010d\u00ednaj\u00faceho podniku<\/p><p>Modern\u00e9 formy marketingu<\/p><\/div>                  <\/div>\n      <\/div>\n    <\/div>\n    \n  <\/div>\n  \n   \n      \n        \n<\/div>\n\t\t\t<!-- end Flip Box -->\t\t<\/div>\n\t\t\t\t<\/div>\n\t\t\t\t\t<\/div>\n\t\t<\/div>\n\t\t\t\t<div class=\"elementor-column elementor-col-33 elementor-top-column elementor-element elementor-element-43f7e4a\" data-id=\"43f7e4a\" data-element_type=\"column\">\n\t\t\t<div class=\"elementor-widget-wrap elementor-element-populated\">\n\t\t\t\t\t\t\t\t<div class=\"elementor-element elementor-element-f725201 elementor-widget elementor-widget-ucaddon_flip_box\" data-id=\"f725201\" data-element_type=\"widget\" data-widget_type=\"ucaddon_flip_box.default\">\n\t\t\t\t<div class=\"elementor-widget-container\">\n\t\t\t<!-- start Flip Box -->\n\n\t\t\t<style type=\"text\/css\">\/* widget: Flip Box *\/\n\n\/* elementor container support *\/\n.e-con-inner>.elementor-widget-ucaddon_flip_box, .e-con>.elementor-widget-ucaddon_flip_box {\n    width: var(--container-widget-width);\n    --flex-grow: var(--container-widget-flex-grow);\n}\n\n#uc_flip_box_elementor22097 .ue-flip-box__panel.ue-flip-box__panel--front,\n#uc_flip_box_elementor22097 .ue-flip-box__panel.ue-flip-box__panel--back {\n    backface-visibility: hidden;\n    -webkit-backface-visibility: hidden; \n}\n\n\n#uc_flip_box_elementor22097 .ue-flip-box__panel--back .ue_btn{\n\tdisplay: inline-block;\n}\n \n\n\t\n\n\n\n\n\n#uc_flip_box_elementor22097 .ue-flip-box__panel--front-overlay, #uc_flip_box_elementor22097 .ue-flip-box__panel--back-overlay\n{\n  position:absolute;\n  top:0;\n  bottom:0;\n  right:0;\n  left:0;\n  z-index:-1;\n}\n\n<\/style>\n\n\t\t\t<div id=\"uc_flip_box_elementor22097\" class=\"ue-flip-box\" data-id=\"uc_flip_box_elementor22097\" data-closeonbody='false'>\n  \n      <div class=\"ue-flip-box__container uc-hide ue-flip_left ue-flip-box__container--hover\" tabindex=\"0\">\n      \n    <div class=\"ue-flip-box__panel ue-flip-box__panel--front\">\n      <div class=\"ue-flip-box__panel--front-overlay\"><\/div>\n            <div class=\"ue-flip-box__panel__wrapper\">\n        <div class=\"ue-flip-box__panel__content\">\n            <div class=\"ue-flip-box__panel__element ue-flip-box__icon\"><i class='fas fa-rocket'><\/i><\/div>            <div class=\"ue-flip-box__panel__element ue-flip-box__title\">podnikanie<\/div>            <div class=\"ue-flip-box__panel__element ue-flip-box__description\"><p>18.7.2023<\/p><\/div>        <\/div>\n      <\/div>\n    <\/div>\n    \n\n      \n    <div class=\"ue-flip-box__panel ue-flip-box__panel--back\">\n      <div class=\"ue-flip-box__panel--back-overlay\"><\/div>\n            <div class=\"ue-flip-box__panel__wrapper\">\n        <div class=\"ue-flip-box__panel__content\">\n\n                    <div class=\"ue-flip-box__panel__element ue-flip-box__title\"><\/div>          <div class=\"ue-flip-box__panel__element ue-flip-box__description\"><p>Podnikate\u013esk\u00fd pl\u00e1n<\/p><p>Nov\u00e9 formy podnikania a transfer technol\u00f3gi\u00ed<\/p><p>Spolo\u010dnesk\u00e1 zodpovednos\u0165 v podnikan\u00ed<\/p><\/div>                  <\/div>\n      <\/div>\n    <\/div>\n    \n  <\/div>\n  \n   \n      \n        \n<\/div>\n\t\t\t<!-- end Flip Box -->\t\t<\/div>\n\t\t\t\t<\/div>\n\t\t\t\t\t<\/div>\n\t\t<\/div>\n\t\t\t\t<div class=\"elementor-column elementor-col-33 elementor-top-column elementor-element elementor-element-78750dc\" data-id=\"78750dc\" data-element_type=\"column\">\n\t\t\t<div class=\"elementor-widget-wrap elementor-element-populated\">\n\t\t\t\t\t\t\t\t<div class=\"elementor-element elementor-element-7ad34f9 elementor-widget__width-initial elementor-widget elementor-widget-ucaddon_flip_box\" data-id=\"7ad34f9\" data-element_type=\"widget\" data-widget_type=\"ucaddon_flip_box.default\">\n\t\t\t\t<div class=\"elementor-widget-container\">\n\t\t\t<!-- start Flip Box -->\n\n\t\t\t<style type=\"text\/css\">\/* widget: Flip Box *\/\n\n\/* elementor container support *\/\n.e-con-inner>.elementor-widget-ucaddon_flip_box, .e-con>.elementor-widget-ucaddon_flip_box {\n    width: var(--container-widget-width);\n    --flex-grow: var(--container-widget-flex-grow);\n}\n\n#uc_flip_box_elementor33791 .ue-flip-box__panel.ue-flip-box__panel--front,\n#uc_flip_box_elementor33791 .ue-flip-box__panel.ue-flip-box__panel--back {\n    backface-visibility: hidden;\n    -webkit-backface-visibility: hidden; \n}\n\n\n#uc_flip_box_elementor33791 .ue-flip-box__panel--back .ue_btn{\n\tdisplay: inline-block;\n}\n \n\n\t\n\n\n\n\n\n#uc_flip_box_elementor33791 .ue-flip-box__panel--front-overlay, #uc_flip_box_elementor33791 .ue-flip-box__panel--back-overlay\n{\n  position:absolute;\n  top:0;\n  bottom:0;\n  right:0;\n  left:0;\n  z-index:-1;\n}\n\n<\/style>\n\n\t\t\t<div id=\"uc_flip_box_elementor33791\" class=\"ue-flip-box\" data-id=\"uc_flip_box_elementor33791\" data-closeonbody='false'>\n  \n      <div class=\"ue-flip-box__container uc-hide ue-flip_left ue-flip-box__container--hover\" tabindex=\"0\">\n      \n    <div class=\"ue-flip-box__panel ue-flip-box__panel--front\">\n      <div class=\"ue-flip-box__panel--front-overlay\"><\/div>\n            <div class=\"ue-flip-box__panel__wrapper\">\n        <div class=\"ue-flip-box__panel__content\">\n            <div class=\"ue-flip-box__panel__element ue-flip-box__icon\"><i class='fas fa-globe-europe'><\/i><\/div>            <div class=\"ue-flip-box__panel__element ue-flip-box__title\">Udr\u017eate\u013enos\u0165<\/div>            <div class=\"ue-flip-box__panel__element ue-flip-box__description\"><p>19.7.2023<\/p><\/div>        <\/div>\n      <\/div>\n    <\/div>\n    \n\n      \n    <div class=\"ue-flip-box__panel ue-flip-box__panel--back\">\n      <div class=\"ue-flip-box__panel--back-overlay\"><\/div>\n            <div class=\"ue-flip-box__panel__wrapper\">\n        <div class=\"ue-flip-box__panel__content\">\n\n                    <div class=\"ue-flip-box__panel__element ue-flip-box__title\"><\/div>          <div class=\"ue-flip-box__panel__element ue-flip-box__description\"><p>Udr\u017eate\u013en\u00e1 spotreba<\/p><p>Udr\u017eate\u013en\u00e9 podnikanie<\/p><\/div>                  <\/div>\n      <\/div>\n    <\/div>\n    \n  <\/div>\n  \n   \n      \n        \n<\/div>\n\t\t\t<!-- end Flip Box -->\t\t<\/div>\n\t\t\t\t<\/div>\n\t\t\t\t\t<\/div>\n\t\t<\/div>\n\t\t\t\t\t\t\t<\/div>\n\t\t<\/section>\n\t\t\t\t\t\t\t<\/div>\n\t\t","protected":false},"excerpt":{"rendered":"<p>marketing 17.7.2023 Marketingov\u00e1 komunik\u00e1cia za\u010d\u00ednaj\u00faceho podniku Modern\u00e9 formy marketingu podnikanie 18.7.2023 Podnikate\u013esk\u00fd pl\u00e1n Nov\u00e9 formy podnikania a transfer technol\u00f3gi\u00ed Spolo\u010dnesk\u00e1 zodpovednos\u0165 v podnikan\u00ed Udr\u017eate\u013enos\u0165 19.7.2023 Udr\u017eate\u013en\u00e1 spotreba Udr\u017eate\u013en\u00e9 podnikanie<\/p>\n","protected":false},"author":4,"featured_media":0,"parent":0,"menu_order":0,"comment_status":"closed","ping_status":"closed","template":"","meta":{"_ti_tpc_template_sync":false,"_ti_tpc_template_id":""},"acf":[],"_links":{"self":[{"href":"https:\/\/cowork.uniag.sk\/startup\/wp-json\/wp\/v2\/pages\/61"}],"collection":[{"href":"https:\/\/cowork.uniag.sk\/startup\/wp-json\/wp\/v2\/pages"}],"about":[{"href":"https:\/\/cowork.uniag.sk\/startup\/wp-json\/wp\/v2\/types\/page"}],"author":[{"embeddable":true,"href":"https:\/\/cowork.uniag.sk\/startup\/wp-json\/wp\/v2\/users\/4"}],"replies":[{"embeddable":true,"href":"https:\/\/cowork.uniag.sk\/startup\/wp-json\/wp\/v2\/comments?post=61"}],"version-history":[{"count":22,"href":"https:\/\/cowork.uniag.sk\/startup\/wp-json\/wp\/v2\/pages\/61\/revisions"}],"predecessor-version":[{"id":158,"href":"https:\/\/cowork.uniag.sk\/startup\/wp-json\/wp\/v2\/pages\/61\/revisions\/158"}],"wp:attachment":[{"href":"https:\/\/cowork.uniag.sk\/startup\/wp-json\/wp\/v2\/media?parent=61"}],"curies":[{"name":"wp","href":"https:\/\/api.w.org\/{rel}","templated":true}]}}